{"id":6312,"date":"2018-03-20T09:20:45","date_gmt":"2018-03-20T09:20:45","guid":{"rendered":"https:\/\/www.lamerresort.gr\/special-offers\/"},"modified":"2020-07-10T14:14:38","modified_gmt":"2020-07-10T11:14:38","slug":"special-offers","status":"publish","type":"page","link":"https:\/\/www.lamerresort.gr\/fr\/special-offers\/","title":{"rendered":"Offres"},"content":{"rendered":"<div class=\"wpb-content-wrapper\"><p>[vc_row row_content_width=\u00a0\u00bbgrid\u00a0\u00bb content_text_aligment=\u00a0\u00bbcenter\u00a0\u00bb simple_background_color=\u00a0\u00bb#f5f5f5&Prime; el_class=\u00a0\u00bbmyrowpad myofferlist\u00a0\u00bb][vc_column offset=\u00a0\u00bbvc_col-lg-12 vc_col-md-12&Prime;][vc_column_text]            <div class=\"offer row row-eq-height\">\n            <div class=\"offerimg vc_col-md-6 eqheight\" style=\"background: url('https:\/\/www.lamerresort.gr\/wp-content\/uploads\/2020\/05\/Triple_room_sea_view.jpg') 0 \/ cover no-repeat;\"\">\n                <a href=\"https:\/\/www.ihg.com\/spnd\/hotels\/us\/en\/chania\/chqdr\/hoteldetail\" rel=\"nofollow\" target=\"_blank\" class=\"backstretch\"><\/a>\n            <\/div>\n            <div class=\"details vc_col-md-6 eqheight\">\n                <div class=\"offerdetails\">\n                    <h2>\n                        <a href=\"https:\/\/www.ihg.com\/spnd\/hotels\/us\/en\/chania\/chqdr\/hoteldetail\" rel=\"nofollow\" target=\"_blank\">Exclusive Members Club<\/a>\n                    <\/h2>\n                    <div class=\"description\">\n                        <p>Cliquez sur R\u00c9SERVER maintenant pour rejoindre notre Exclusive Members Club et d\u00e9voiler nos r\u00e9ductions exclusives.<\/p>\n                    <\/div>\n                                        <div class=\"actions vc_col-xs-12\">\n                        <a itemprop=\"url\" href=\"https:\/\/www.ihg.com\/spnd\/hotels\/us\/en\/chania\/chqdr\/hoteldetail\" target=\"_self\" style=\"background-color: #524e47;border-color: #524e47\" class=\"eltd-btn eltd-btn-medium eltd-btn-solid eltd-btn-custom-border-hover eltd-btn-line-left eltd-btn-animation-enabled\" data-hover-border-color=\"#524e47\">\n                            <span class=\"eltd-btn-text\">R\u00c9SERVER<\/span>\n                            <span class=\"eltd-btn-hover-overlay\" style=\"background-color: #524e47;border-color: #524e47\"><\/span>\n                        <\/a>\n                    <\/div>\n                <\/div>\n            <\/div>\n        <\/div>\n        [\/vc_column_text][\/vc_column][\/vc_row]<\/p>\n<\/div>","protected":false},"excerpt":{"rendered":"<p>[vc_row row_content_width=\u00a0\u00bbgrid\u00a0\u00bb content_text_aligment=\u00a0\u00bbcenter\u00a0\u00bb simple_background_color=\u00a0\u00bb#f5f5f5&Prime; el_class=\u00a0\u00bbmyrowpad myofferlist\u00a0\u00bb][vc_column offset=\u00a0\u00bbvc_col-lg-12 vc_col-md-12&Prime;][vc_column_text][\/vc_column_text][\/vc_column][\/vc_row]<\/p>\n","protected":false},"author":1,"featured_media":0,"parent":0,"menu_order":0,"comment_status":"closed","ping_status":"closed","template":"full-width.php","meta":{"_acf_changed":false,"footnotes":""},"acf":[],"_links":{"self":[{"href":"https:\/\/www.lamerresort.gr\/fr\/wp-json\/wp\/v2\/pages\/6312"}],"collection":[{"href":"https:\/\/www.lamerresort.gr\/fr\/wp-json\/wp\/v2\/pages"}],"about":[{"href":"https:\/\/www.lamerresort.gr\/fr\/wp-json\/wp\/v2\/types\/page"}],"author":[{"embeddable":true,"href":"https:\/\/www.lamerresort.gr\/fr\/wp-json\/wp\/v2\/users\/1"}],"replies":[{"embeddable":true,"href":"https:\/\/www.lamerresort.gr\/fr\/wp-json\/wp\/v2\/comments?post=6312"}],"version-history":[{"count":4,"href":"https:\/\/www.lamerresort.gr\/fr\/wp-json\/wp\/v2\/pages\/6312\/revisions"}],"predecessor-version":[{"id":7213,"href":"https:\/\/www.lamerresort.gr\/fr\/wp-json\/wp\/v2\/pages\/6312\/revisions\/7213"}],"wp:attachment":[{"href":"https:\/\/www.lamerresort.gr\/fr\/wp-json\/wp\/v2\/media?parent=6312"}],"curies":[{"name":"wp","href":"https:\/\/api.w.org\/{rel}","templated":true}]}}