{"id":6279,"date":"2018-03-20T09:17:42","date_gmt":"2018-03-20T09:17:42","guid":{"rendered":"https:\/\/www.lamerresort.gr\/experience\/wellness-spa\/"},"modified":"2023-09-05T17:48:58","modified_gmt":"2023-09-05T14:48:58","slug":"wellness-spa","status":"publish","type":"page","link":"https:\/\/www.lamerresort.gr\/fr\/experience\/wellness-spa\/","title":{"rendered":"Centre de bien-\u00eatre"},"content":{"rendered":"<div class=\"wpb-content-wrapper\"><p>[vc_row row_content_width=\u00a0\u00bbgrid\u00a0\u00bb content_text_aligment=\u00a0\u00bbcenter\u00a0\u00bb el_class=\u00a0\u00bbmycleanstartrow\u00a0\u00bb][vc_column offset=\u00a0\u00bbvc_col-lg-offset-2 vc_col-lg-8 vc_col-md-offset-1 vc_col-md-10&Prime;]<div class=\"eltd-section-title-holder eltd-separator-disabled  eltd-st-text-position-center\" style=\"text-align: center\">\n    <div class=\"eltd-section-title-inner\">\n                            <h2 class=\"eltd-st-title eltd-title-center\" >\n                <span class=\"eltd-st-before\">R\u00e9g\u00e9n\u00e9ration<\/span>\n                <span>&amp; Relaxation<\/span>\n            <\/h2>\n                            <\/div>\n<\/div>[vc_column_text]<\/p>\n<p style=\"text-align: center;\">Laissez votre corps et votre esprit\u00a0 se d\u00e9tendre pendant que les substances b\u00e9n\u00e9fiques et r\u00e9g\u00e9n\u00e9rantes agissent. Dans un cadre relaxant, une s\u00e9rie d&rsquo;exp\u00e9riences de bien-\u00eatre soigneusement con\u00e7ues avec des produits et des herbes embl\u00e9matiques cr\u00e9toise vous offrent une opportunit\u00e9 unique de purification et de renouvellement.<\/p>\n<p>[\/vc_column_text][\/vc_column][\/vc_row][vc_row equal_height=\u00a0\u00bbyes\u00a0\u00bb content_placement=\u00a0\u00bbmiddle\u00a0\u00bb row_content_width=\u00a0\u00bbgrid\u00a0\u00bb content_text_aligment=\u00a0\u00bbcenter\u00a0\u00bb simple_background_color=\u00a0\u00bb#f5f5f5&Prime; el_class=\u00a0\u00bbmytoprowpad mytextgalrow\u00a0\u00bb][vc_column el_class=\u00a0\u00bbrmrightpad rmleftpad\u00a0\u00bb offset=\u00a0\u00bbvc_col-lg-6 vc_col-md-6&Prime;]<div class=\"eltd-elements-holder   eltd-two-columns  eltd-responsive-mode-768 \" ><div class=\"eltd-eh-item    \"  data-item-class=\"eltd-eh-custom-8850\">\n\t<div class=\"eltd-eh-item-inner\">\n\t\t<div class=\"eltd-eh-item-content eltd-eh-custom-8850\" >\n\t\t\t<div class=\"eltd-image-gallery  eltd-ig-slider-type eltd-no-space     \">\n\t<div class=\"eltd-ig-slider eltd-owl-slider\" data-number-of-items=\"1\" data-enable-loop=\"yes\" data-enable-autoplay=\"no\" data-slider-speed=\"5000\" data-slider-speed-animation=\"600\" data-slider-padding=\"no\" data-enable-navigation=\"yes\" data-enable-custom-navigation=\"no\" data-enable-pagination=\"yes\" data-slider-animate-out=\"fadeOut\">\n\t\t\t\t\t<div class=\"eltd-ig-image\">\n\t\t\t\t\t\t\t\t\t<img loading=\"lazy\" decoding=\"async\" width=\"800\" height=\"650\" src=\"https:\/\/www.lamerresort.gr\/wp-content\/uploads\/2022\/08\/1.jpg\" class=\"attachment-full size-full\" alt=\"\" srcset=\"https:\/\/www.lamerresort.gr\/wp-content\/uploads\/2022\/08\/1.jpg 800w, https:\/\/www.lamerresort.gr\/wp-content\/uploads\/2022\/08\/1-300x244.jpg 300w, https:\/\/www.lamerresort.gr\/wp-content\/uploads\/2022\/08\/1-768x624.jpg 768w\" sizes=\"(max-width: 800px) 100vw, 800px\" \/>\t\t\t\t\t\t\t<\/div>\n\t\t\t\t\t<div class=\"eltd-ig-image\">\n\t\t\t\t\t\t\t\t\t<img loading=\"lazy\" decoding=\"async\" width=\"800\" height=\"650\" src=\"https:\/\/www.lamerresort.gr\/wp-content\/uploads\/2022\/08\/2.jpg\" class=\"attachment-full size-full\" alt=\"\" srcset=\"https:\/\/www.lamerresort.gr\/wp-content\/uploads\/2022\/08\/2.jpg 800w, https:\/\/www.lamerresort.gr\/wp-content\/uploads\/2022\/08\/2-300x244.jpg 300w, https:\/\/www.lamerresort.gr\/wp-content\/uploads\/2022\/08\/2-768x624.jpg 768w\" sizes=\"(max-width: 800px) 100vw, 800px\" \/>\t\t\t\t\t\t\t<\/div>\n\t\t\t\t\t<div class=\"eltd-ig-image\">\n\t\t\t\t\t\t\t\t\t<img loading=\"lazy\" decoding=\"async\" width=\"800\" height=\"650\" src=\"https:\/\/www.lamerresort.gr\/wp-content\/uploads\/2022\/08\/3.jpg\" class=\"attachment-full size-full\" alt=\"\" srcset=\"https:\/\/www.lamerresort.gr\/wp-content\/uploads\/2022\/08\/3.jpg 800w, https:\/\/www.lamerresort.gr\/wp-content\/uploads\/2022\/08\/3-300x244.jpg 300w, https:\/\/www.lamerresort.gr\/wp-content\/uploads\/2022\/08\/3-768x624.jpg 768w\" sizes=\"(max-width: 800px) 100vw, 800px\" \/>\t\t\t\t\t\t\t<\/div>\n\t\t\t<\/div>\n<\/div>\t\t<\/div>\n\t<\/div>\n<\/div><\/div>[\/vc_column][vc_column el_class=\u00a0\u00bbmywhitebg rmleftpad\u00a0\u00bb offset=\u00a0\u00bbvc_col-lg-6 vc_col-md-6&Prime;]<div class=\"eltd-elements-holder   eltd-two-columns  eltd-responsive-mode-768 \" ><div class=\"eltd-eh-item mylrpp  eltd-horizontal-alignment-center \" style=\"background-color: #ffffff\" data-item-class=\"eltd-eh-custom-2497\">\n\t<div class=\"eltd-eh-item-inner\">\n\t\t<div class=\"eltd-eh-item-content eltd-eh-custom-2497\" >\n\t\t\t<div class=\"eltd-section-title-holder eltd-separator-disabled  \" >\n    <div class=\"eltd-section-title-inner\">\n                    <h5 class=\"eltd-st-subtitle\" >\n                <span>Espaces de beaut\u00e9 et de soins personnels<\/span>\n            <\/h5>\n                            <h3 class=\"eltd-st-title \" >\n                <span class=\"eltd-st-before\">Centre de bien-\u00eatre<\/span>\n                <span>Ariadne<\/span>\n            <\/h3>\n                            <\/div>\n<\/div>[vc_column_text]Dot\u00e9 d\u2019un \u00e9quipement et d&rsquo;installations de standing, proposant des produits de haute qualit\u00e9 et les soins d\u2019esth\u00e9ticiennes exp\u00e9riment\u00e9es, le centre de bien-\u00eatre du complexe La Mer vous propose une exp\u00e9rience inoubliable.<\/p>\n<p>Piscine int\u00e9rieure chauff\u00e9e (d&rsquo;eau douce)<br \/>\nCinq zones priv\u00e9es de remise en forme et de massages<br \/>\nUne suite double d\u00e9di\u00e9e \u00e0 la remise en forme priv\u00e9e et aux massages<br \/>\nBain de vapeur-Hammam<br \/>\nEspace d\u00e9tente proposant th\u00e9 et jus de fruits \u00e0 volont\u00e9<br \/>\nSauna[\/vc_column_text]\t\t<\/div>\n\t<\/div>\n<\/div><\/div>[\/vc_column][\/vc_row][vc_row equal_height=\u00a0\u00bbyes\u00a0\u00bb content_placement=\u00a0\u00bbmiddle\u00a0\u00bb row_content_width=\u00a0\u00bbgrid\u00a0\u00bb content_text_aligment=\u00a0\u00bbcenter\u00a0\u00bb simple_background_color=\u00a0\u00bb#f5f5f5&Prime; el_class=\u00a0\u00bbmybottomrowpad mytextgalrow\u00a0\u00bb][vc_column el_class=\u00a0\u00bbpushlefthalf rmrightpad rmleftpad\u00a0\u00bb offset=\u00a0\u00bbvc_col-lg-6 vc_col-md-6&Prime;]<div class=\"eltd-elements-holder   eltd-two-columns  eltd-responsive-mode-768 \" ><div class=\"eltd-eh-item    \"  data-item-class=\"eltd-eh-custom-2636\">\n\t<div class=\"eltd-eh-item-inner\">\n\t\t<div class=\"eltd-eh-item-content eltd-eh-custom-2636\" >\n\t\t\t<div class=\"eltd-image-gallery  eltd-ig-slider-type eltd-large-space     \">\n\t<div class=\"eltd-ig-slider eltd-owl-slider\" data-number-of-items=\"1\" data-enable-loop=\"yes\" data-enable-autoplay=\"no\" data-slider-speed=\"5000\" data-slider-speed-animation=\"600\" data-slider-padding=\"no\" data-enable-navigation=\"yes\" data-enable-custom-navigation=\"no\" data-enable-pagination=\"yes\" data-slider-animate-out=\"fadeOut\">\n\t\t\t\t\t<div class=\"eltd-ig-image\">\n\t\t\t\t\t\t\t\t\t<img loading=\"lazy\" decoding=\"async\" width=\"800\" height=\"650\" src=\"https:\/\/www.lamerresort.gr\/wp-content\/uploads\/2022\/08\/4-1.jpg\" class=\"attachment-full size-full\" alt=\"\" srcset=\"https:\/\/www.lamerresort.gr\/wp-content\/uploads\/2022\/08\/4-1.jpg 800w, https:\/\/www.lamerresort.gr\/wp-content\/uploads\/2022\/08\/4-1-300x244.jpg 300w, https:\/\/www.lamerresort.gr\/wp-content\/uploads\/2022\/08\/4-1-768x624.jpg 768w\" sizes=\"(max-width: 800px) 100vw, 800px\" \/>\t\t\t\t\t\t\t<\/div>\n\t\t\t\t\t<div class=\"eltd-ig-image\">\n\t\t\t\t\t\t\t\t\t<img loading=\"lazy\" decoding=\"async\" width=\"800\" height=\"650\" src=\"https:\/\/www.lamerresort.gr\/wp-content\/uploads\/2022\/08\/5-1.jpg\" class=\"attachment-full size-full\" alt=\"\" srcset=\"https:\/\/www.lamerresort.gr\/wp-content\/uploads\/2022\/08\/5-1.jpg 800w, https:\/\/www.lamerresort.gr\/wp-content\/uploads\/2022\/08\/5-1-300x244.jpg 300w, https:\/\/www.lamerresort.gr\/wp-content\/uploads\/2022\/08\/5-1-768x624.jpg 768w\" sizes=\"(max-width: 800px) 100vw, 800px\" \/>\t\t\t\t\t\t\t<\/div>\n\t\t\t\t\t<div class=\"eltd-ig-image\">\n\t\t\t\t\t\t\t\t\t<img loading=\"lazy\" decoding=\"async\" width=\"800\" height=\"650\" src=\"https:\/\/www.lamerresort.gr\/wp-content\/uploads\/2022\/08\/6-1.jpg\" class=\"attachment-full size-full\" alt=\"\" srcset=\"https:\/\/www.lamerresort.gr\/wp-content\/uploads\/2022\/08\/6-1.jpg 800w, https:\/\/www.lamerresort.gr\/wp-content\/uploads\/2022\/08\/6-1-300x244.jpg 300w, https:\/\/www.lamerresort.gr\/wp-content\/uploads\/2022\/08\/6-1-768x624.jpg 768w\" sizes=\"(max-width: 800px) 100vw, 800px\" \/>\t\t\t\t\t\t\t<\/div>\n\t\t\t\t\t<div class=\"eltd-ig-image\">\n\t\t\t\t\t\t\t\t\t<img loading=\"lazy\" decoding=\"async\" width=\"800\" height=\"650\" src=\"https:\/\/www.lamerresort.gr\/wp-content\/uploads\/2022\/08\/7.jpg\" class=\"attachment-full size-full\" alt=\"\" srcset=\"https:\/\/www.lamerresort.gr\/wp-content\/uploads\/2022\/08\/7.jpg 800w, https:\/\/www.lamerresort.gr\/wp-content\/uploads\/2022\/08\/7-300x244.jpg 300w, https:\/\/www.lamerresort.gr\/wp-content\/uploads\/2022\/08\/7-768x624.jpg 768w\" sizes=\"(max-width: 800px) 100vw, 800px\" \/>\t\t\t\t\t\t\t<\/div>\n\t\t\t\t\t<div class=\"eltd-ig-image\">\n\t\t\t\t\t\t\t\t\t<img loading=\"lazy\" decoding=\"async\" width=\"800\" height=\"650\" src=\"https:\/\/www.lamerresort.gr\/wp-content\/uploads\/2022\/08\/8.jpg\" class=\"attachment-full size-full\" alt=\"\" srcset=\"https:\/\/www.lamerresort.gr\/wp-content\/uploads\/2022\/08\/8.jpg 800w, https:\/\/www.lamerresort.gr\/wp-content\/uploads\/2022\/08\/8-300x244.jpg 300w, https:\/\/www.lamerresort.gr\/wp-content\/uploads\/2022\/08\/8-768x624.jpg 768w\" sizes=\"(max-width: 800px) 100vw, 800px\" \/>\t\t\t\t\t\t\t<\/div>\n\t\t\t\t\t<div class=\"eltd-ig-image\">\n\t\t\t\t\t\t\t\t\t<img loading=\"lazy\" decoding=\"async\" width=\"800\" height=\"650\" src=\"https:\/\/www.lamerresort.gr\/wp-content\/uploads\/2022\/08\/9.jpg\" class=\"attachment-full size-full\" alt=\"\" srcset=\"https:\/\/www.lamerresort.gr\/wp-content\/uploads\/2022\/08\/9.jpg 800w, https:\/\/www.lamerresort.gr\/wp-content\/uploads\/2022\/08\/9-300x244.jpg 300w, https:\/\/www.lamerresort.gr\/wp-content\/uploads\/2022\/08\/9-768x624.jpg 768w\" sizes=\"(max-width: 800px) 100vw, 800px\" \/>\t\t\t\t\t\t\t<\/div>\n\t\t\t<\/div>\n<\/div>\t\t<\/div>\n\t<\/div>\n<\/div><\/div>[\/vc_column][vc_column el_class=\u00a0\u00bbpushrighthalf rmrightpad mywhitebg \u00a0\u00bb offset=\u00a0\u00bbvc_col-lg-6 vc_col-md-6&Prime;]<div class=\"eltd-elements-holder   eltd-two-columns  eltd-responsive-mode-768 \" ><div class=\"eltd-eh-item mylrpp  eltd-horizontal-alignment-center \" style=\"background-color: #ffffff\" data-item-class=\"eltd-eh-custom-3532\">\n\t<div class=\"eltd-eh-item-inner\">\n\t\t<div class=\"eltd-eh-item-content eltd-eh-custom-3532\" >\n\t\t\t<div class=\"eltd-section-title-holder eltd-separator-disabled  \" >\n    <div class=\"eltd-section-title-inner\">\n                    <h5 class=\"eltd-st-subtitle\" >\n                <span>Autour des soins et de la beaut\u00e9<\/span>\n            <\/h5>\n                            <h3 class=\"eltd-st-title \" >\n                <span class=\"eltd-st-before\">Soins<\/span>\n                <span>&amp; Services<\/span>\n            <\/h3>\n                            <\/div>\n<\/div>[vc_column_text]Soins de beaut\u00e9<br \/>\nSoins pour le visage<br \/>\nSoins pour le corps<br \/>\nManucure &amp; P\u00e9dicure<br \/>\nCoiffeur<\/p>\n<p>Horaires: 10:00 &#8211; 18:00<\/p>\n<p>Soins de massage au bord de la mer et au bord de la piscine[\/vc_column_text]\t\t<\/div>\n\t<\/div>\n<\/div><\/div>[\/vc_column][\/vc_row][vc_row content_text_aligment=\u00a0\u00bbcenter\u00a0\u00bb el_class=\u00a0\u00bbmyrowpad myimgblocks\u00a0\u00bb][vc_column]<div class=\"eltd-section-title-holder eltd-separator-disabled  \" >\n    <div class=\"eltd-section-title-inner\">\n                            <h2 class=\"eltd-st-title \" >\n                <span class=\"eltd-st-before\">V\u00e9rifiez<\/span>\n                <span>aussi<\/span>\n            <\/h2>\n                            <\/div>\n<\/div>[vc_column_text]<\/p>\n<p style=\"text-align: center;\">D\u00e9couvrez nos prestations et services et cr\u00e9ez votre exp\u00e9rience de vacances id\u00e9ale.<\/p>\n<p>[\/vc_column_text][vc_row_inner row_content_width=\u00a0\u00bbgrid\u00a0\u00bb el_class=\u00a0\u00bbmytoppad\u00a0\u00bb][vc_column_inner el_class=\u00a0\u00bbmyhomebox\u00a0\u00bb offset=\u00a0\u00bbvc_col-lg-4 vc_col-md-4&Prime;]<div class=\"eltd-image-with-text-holder   eltd-image-behavior-custom-link\">\n    <div class=\"eltd-iwt-image\">\n        \t            <a itemprop=\"url\" href=\"https:\/\/www.lamerresort.gr\/fr\/experience\/gym-fitness\/\" target=\"_self\">\n                                    <img loading=\"lazy\" decoding=\"async\" width=\"800\" height=\"550\" src=\"https:\/\/www.lamerresort.gr\/wp-content\/uploads\/2018\/08\/drz-lamer_Q1A7948Fitness.jpg\" class=\"attachment-full size-full\" alt=\"\" srcset=\"https:\/\/www.lamerresort.gr\/wp-content\/uploads\/2018\/08\/drz-lamer_Q1A7948Fitness.jpg 800w, https:\/\/www.lamerresort.gr\/wp-content\/uploads\/2018\/08\/drz-lamer_Q1A7948Fitness-300x206.jpg 300w, https:\/\/www.lamerresort.gr\/wp-content\/uploads\/2018\/08\/drz-lamer_Q1A7948Fitness-768x528.jpg 768w\" sizes=\"(max-width: 800px) 100vw, 800px\" \/>                                <\/a>\n            <\/div>\n    <div class=\"eltd-iwt-text-holder\">\n        \t\t    <\/div>\n<\/div>[vc_column_text]<\/p>\n<h4 class=\"eltd-iwt-title\"><a href=\"https:\/\/www.lamerresort.gr\/fr\/experience\/gym-fitness\/\">Salle de gym<\/a><\/h4>\n<p style=\"text-align: center;\">Poursuivez votre entra\u00eenement quotidien et b\u00e9n\u00e9ficiez d\u2019une atmosph\u00e8re m\u00e9diterran\u00e9enne unique.<\/p>\n<p>[\/vc_column_text][\/vc_column_inner][vc_column_inner el_class=\u00a0\u00bbmyhomebox\u00a0\u00bb offset=\u00a0\u00bbvc_col-lg-4 vc_col-md-4&Prime;]<div class=\"eltd-image-with-text-holder   eltd-image-behavior-custom-link\">\n    <div class=\"eltd-iwt-image\">\n        \t            <a itemprop=\"url\" href=\"https:\/\/www.lamerresort.gr\/fr\/experience\/sports-entertainment\/\" target=\"_self\">\n                                    <img loading=\"lazy\" decoding=\"async\" width=\"800\" height=\"550\" src=\"https:\/\/www.lamerresort.gr\/wp-content\/uploads\/2023\/09\/Outdoor-7.jpg\" class=\"attachment-full size-full\" alt=\"\" srcset=\"https:\/\/www.lamerresort.gr\/wp-content\/uploads\/2023\/09\/Outdoor-7.jpg 800w, https:\/\/www.lamerresort.gr\/wp-content\/uploads\/2023\/09\/Outdoor-7-300x206.jpg 300w, https:\/\/www.lamerresort.gr\/wp-content\/uploads\/2023\/09\/Outdoor-7-768x528.jpg 768w\" sizes=\"(max-width: 800px) 100vw, 800px\" \/>                                <\/a>\n            <\/div>\n    <div class=\"eltd-iwt-text-holder\">\n        \t\t    <\/div>\n<\/div>[vc_column_text]<\/p>\n<h4 class=\"eltd-iwt-title\"><a href=\"https:\/\/www.lamerresort.gr\/fr\/experience\/sports-entertainment\/\">Sports &amp; Divertissement<\/a><\/h4>\n<p style=\"text-align: center;\">La petite touche qui ajoutera divertissement et action \u00e0 vos vacances! Toute une gamme d&rsquo;options de loisirs et de plaisirs dans et hors-murs.<\/p>\n<p>[\/vc_column_text][\/vc_column_inner][vc_column_inner el_class=\u00a0\u00bbmyhomebox\u00a0\u00bb offset=\u00a0\u00bbvc_col-lg-4 vc_col-md-4&Prime;]<div class=\"eltd-image-with-text-holder   eltd-image-behavior-custom-link\">\n    <div class=\"eltd-iwt-image\">\n        \t            <a itemprop=\"url\" href=\"https:\/\/www.lamerresort.gr\/fr\/experience\/pool-beach\/\" target=\"_self\">\n                                    <img loading=\"lazy\" decoding=\"async\" width=\"800\" height=\"550\" src=\"https:\/\/www.lamerresort.gr\/wp-content\/uploads\/2018\/08\/drz-lamer_Q1A7207Pools.jpg\" class=\"attachment-full size-full\" alt=\"\" srcset=\"https:\/\/www.lamerresort.gr\/wp-content\/uploads\/2018\/08\/drz-lamer_Q1A7207Pools.jpg 800w, https:\/\/www.lamerresort.gr\/wp-content\/uploads\/2018\/08\/drz-lamer_Q1A7207Pools-300x206.jpg 300w, https:\/\/www.lamerresort.gr\/wp-content\/uploads\/2018\/08\/drz-lamer_Q1A7207Pools-768x528.jpg 768w\" sizes=\"(max-width: 800px) 100vw, 800px\" \/>                                <\/a>\n            <\/div>\n    <div class=\"eltd-iwt-text-holder\">\n        \t\t    <\/div>\n<\/div>[vc_column_text]<\/p>\n<h4 class=\"eltd-iwt-title\"><a href=\"https:\/\/www.lamerresort.gr\/fr\/experience\/pool-beach\/\">Piscines &amp; Plage<\/a><\/h4>\n<p style=\"text-align: center;\">Que vous choisissez de vous d\u00e9tendre au bord de la mer ou de plonger dans l\u2019une de nos piscines int\u00e9rieure ou ext\u00e9rieure, laissez l\u2019eau vous d\u00e9tendre et lib\u00e9rez votre esprit.<\/p>\n<p>[\/vc_column_text][\/vc_column_inner][\/vc_row_inner][vc_row_inner row_content_width=\u00a0\u00bbgrid\u00a0\u00bb el_class=\u00a0\u00bbmytoppad\u00a0\u00bb][vc_column_inner el_class=\u00a0\u00bbmyhomebox\u00a0\u00bb offset=\u00a0\u00bbvc_col-lg-4 vc_col-md-4&Prime;]<div class=\"eltd-image-with-text-holder   eltd-image-behavior-custom-link\">\n    <div class=\"eltd-iwt-image\">\n        \t            <a itemprop=\"url\" href=\"https:\/\/www.lamerresort.gr\/fr\/experience\/holiday-boutique\/\" target=\"_self\">\n                                    <img loading=\"lazy\" decoding=\"async\" width=\"800\" height=\"550\" src=\"https:\/\/www.lamerresort.gr\/wp-content\/uploads\/2020\/07\/800x550_Shopping-Corner.jpg\" class=\"attachment-full size-full\" alt=\"\" srcset=\"https:\/\/www.lamerresort.gr\/wp-content\/uploads\/2020\/07\/800x550_Shopping-Corner.jpg 800w, https:\/\/www.lamerresort.gr\/wp-content\/uploads\/2020\/07\/800x550_Shopping-Corner-300x206.jpg 300w, https:\/\/www.lamerresort.gr\/wp-content\/uploads\/2020\/07\/800x550_Shopping-Corner-768x528.jpg 768w\" sizes=\"(max-width: 800px) 100vw, 800px\" \/>                                <\/a>\n            <\/div>\n    <div class=\"eltd-iwt-text-holder\">\n        \t\t    <\/div>\n<\/div>[vc_column_text]<\/p>\n<h4 class=\"eltd-iwt-title\"><a href=\"https:\/\/www.lamerresort.gr\/fr\/experience\/holiday-boutique\/\">Boutiques de vacances<\/a><\/h4>\n<p style=\"text-align: center;\">Depuis les \u00e9quipements de plage basiques jusqu&rsquo;aux souvenirs, nous avons tout ce dont vous avez besoin, pour un s\u00e9jour sans souci.<\/p>\n<p>[\/vc_column_text][\/vc_column_inner][vc_column_inner el_class=\u00a0\u00bbmyhomebox\u00a0\u00bb offset=\u00a0\u00bbvc_col-lg-4 vc_col-md-4&Prime;]<div class=\"eltd-image-with-text-holder   eltd-image-behavior-custom-link\">\n    <div class=\"eltd-iwt-image\">\n        \t            <a itemprop=\"url\" href=\"https:\/\/www.lamerresort.gr\/fr\/experience\/guest-services\/\" target=\"_self\">\n                                    <img loading=\"lazy\" decoding=\"async\" width=\"800\" height=\"550\" src=\"https:\/\/www.lamerresort.gr\/wp-content\/uploads\/2019\/11\/drz-lamer_Q1A7524.jpg\" class=\"attachment-full size-full\" alt=\"\" srcset=\"https:\/\/www.lamerresort.gr\/wp-content\/uploads\/2019\/11\/drz-lamer_Q1A7524.jpg 800w, https:\/\/www.lamerresort.gr\/wp-content\/uploads\/2019\/11\/drz-lamer_Q1A7524-300x206.jpg 300w, https:\/\/www.lamerresort.gr\/wp-content\/uploads\/2019\/11\/drz-lamer_Q1A7524-768x528.jpg 768w\" sizes=\"(max-width: 800px) 100vw, 800px\" \/>                                <\/a>\n            <\/div>\n    <div class=\"eltd-iwt-text-holder\">\n        \t\t    <\/div>\n<\/div>[vc_column_text]<\/p>\n<h4 class=\"eltd-iwt-title\"><a href=\"https:\/\/www.lamerresort.gr\/fr\/experience\/guest-services\/\">L\u2019exp\u00e9rience de l&rsquo;hospitalit\u00e9<\/a><\/h4>\n<p style=\"text-align: center;\">Des prestations et des services qui vous procureront la paix de l\u2019esprit. Appr\u00e9ciez des vacances insouciantes, inoubliables, qui r\u00e9g\u00e9n\u00e8reront votre corps comme votre esprit.<\/p>\n<p>[\/vc_column_text][\/vc_column_inner][vc_column_inner el_class=\u00a0\u00bbmyhomebox\u00a0\u00bb offset=\u00a0\u00bbvc_col-lg-4 vc_col-md-4&Prime;]<div class=\"eltd-image-with-text-holder   eltd-image-behavior-custom-link\">\n    <div class=\"eltd-iwt-image\">\n        \t            <a itemprop=\"url\" href=\"https:\/\/www.lamerresort.gr\/fr\/experience\/conferences-meetings\/\" target=\"_self\">\n                                    <img loading=\"lazy\" decoding=\"async\" width=\"800\" height=\"550\" src=\"https:\/\/www.lamerresort.gr\/wp-content\/uploads\/2018\/08\/drz-lamer_Q1A8752Conferences.jpg\" class=\"attachment-full size-full\" alt=\"\" srcset=\"https:\/\/www.lamerresort.gr\/wp-content\/uploads\/2018\/08\/drz-lamer_Q1A8752Conferences.jpg 800w, https:\/\/www.lamerresort.gr\/wp-content\/uploads\/2018\/08\/drz-lamer_Q1A8752Conferences-300x206.jpg 300w, https:\/\/www.lamerresort.gr\/wp-content\/uploads\/2018\/08\/drz-lamer_Q1A8752Conferences-768x528.jpg 768w\" sizes=\"(max-width: 800px) 100vw, 800px\" \/>                                <\/a>\n            <\/div>\n    <div class=\"eltd-iwt-text-holder\">\n        \t\t    <\/div>\n<\/div>[vc_column_text]<\/p>\n<h4 class=\"eltd-iwt-title\"><a href=\"https:\/\/www.lamerresort.gr\/fr\/experience\/conferences-meetings\/\">\u00c9v\u00e8nements &amp; c\u00e9l\u00e9brations<\/a><\/h4>\n<p style=\"text-align: center;\">Laissez-nous transformer ces moments uniques pour vous en exp\u00e9riences in\u00e9dites, inoubliables et idylliques.<\/p>\n<p>[\/vc_column_text][\/vc_column_inner][\/vc_row_inner][\/vc_column][\/vc_row]<\/p>\n<\/div>","protected":false},"excerpt":{"rendered":"<p>[vc_row row_content_width=\u00a0\u00bbgrid\u00a0\u00bb content_text_aligment=\u00a0\u00bbcenter\u00a0\u00bb el_class=\u00a0\u00bbmycleanstartrow\u00a0\u00bb][vc_column offset=\u00a0\u00bbvc_col-lg-offset-2 vc_col-lg-8 vc_col-md-offset-1 vc_col-md-10&Prime;][vc_column_text] Laissez votre corps et votre esprit\u00a0 se d\u00e9tendre pendant que les [&hellip;]<\/p>\n","protected":false},"author":1,"featured_media":0,"parent":6243,"menu_order":0,"comment_status":"closed","ping_status":"closed","template":"full-width.php","meta":{"_acf_changed":false,"footnotes":""},"acf":[],"_links":{"self":[{"href":"https:\/\/www.lamerresort.gr\/fr\/wp-json\/wp\/v2\/pages\/6279"}],"collection":[{"href":"https:\/\/www.lamerresort.gr\/fr\/wp-json\/wp\/v2\/pages"}],"about":[{"href":"https:\/\/www.lamerresort.gr\/fr\/wp-json\/wp\/v2\/types\/page"}],"author":[{"embeddable":true,"href":"https:\/\/www.lamerresort.gr\/fr\/wp-json\/wp\/v2\/users\/1"}],"replies":[{"embeddable":true,"href":"https:\/\/www.lamerresort.gr\/fr\/wp-json\/wp\/v2\/comments?post=6279"}],"version-history":[{"count":17,"href":"https:\/\/www.lamerresort.gr\/fr\/wp-json\/wp\/v2\/pages\/6279\/revisions"}],"predecessor-version":[{"id":8542,"href":"https:\/\/www.lamerresort.gr\/fr\/wp-json\/wp\/v2\/pages\/6279\/revisions\/8542"}],"up":[{"embeddable":true,"href":"https:\/\/www.lamerresort.gr\/fr\/wp-json\/wp\/v2\/pages\/6243"}],"wp:attachment":[{"href":"https:\/\/www.lamerresort.gr\/fr\/wp-json\/wp\/v2\/media?parent=6279"}],"curies":[{"name":"wp","href":"https:\/\/api.w.org\/{rel}","templated":true}]}}