{"id":6255,"date":"2018-03-20T09:19:29","date_gmt":"2018-03-20T09:19:29","guid":{"rendered":"https:\/\/www.lamerresort.gr\/experience\/pool-beach\/"},"modified":"2023-09-06T15:12:22","modified_gmt":"2023-09-06T12:12:22","slug":"pool-beach","status":"publish","type":"page","link":"https:\/\/www.lamerresort.gr\/fr\/experience\/pool-beach\/","title":{"rendered":"Piscines &#038; Plage"},"content":{"rendered":"<div class=\"wpb-content-wrapper\"><p>[vc_row row_content_width=\u00a0\u00bbgrid\u00a0\u00bb content_text_aligment=\u00a0\u00bbcenter\u00a0\u00bb el_class=\u00a0\u00bbmycleanstartrow\u00a0\u00bb][vc_column offset=\u00a0\u00bbvc_col-lg-offset-2 vc_col-lg-8 vc_col-md-offset-1 vc_col-md-10&Prime;]<div class=\"eltd-section-title-holder eltd-separator-disabled  eltd-st-text-position-center\" style=\"text-align: center\">\n    <div class=\"eltd-section-title-inner\">\n                            <h2 class=\"eltd-st-title eltd-title-center\" >\n                <span class=\"eltd-st-before\">Des instants<\/span>\n                <span>fra\u00eecheur<\/span>\n            <\/h2>\n                            <\/div>\n<\/div>[vc_column_text]<\/p>\n<p style=\"text-align: center;\">Que vous choisissez de vous d\u00e9tendre au bord de la mer ou de plonger dans l\u2019une de nos piscines int\u00e9rieure ou ext\u00e9rieure, laissez l\u2019eau vous d\u00e9tendre et lib\u00e9rez votre esprit.<\/p>\n<p>[\/vc_column_text][\/vc_column][\/vc_row][vc_row equal_height=\u00a0\u00bbyes\u00a0\u00bb content_placement=\u00a0\u00bbmiddle\u00a0\u00bb row_content_width=\u00a0\u00bbgrid\u00a0\u00bb content_text_aligment=\u00a0\u00bbcenter\u00a0\u00bb simple_background_color=\u00a0\u00bb#f5f5f5&Prime; el_class=\u00a0\u00bbmyrowpad mytextgalrow\u00a0\u00bb][vc_column el_class=\u00a0\u00bbrmleftpad rmrightpad\u00a0\u00bb offset=\u00a0\u00bbvc_col-lg-6 vc_col-md-6&Prime;]<div class=\"eltd-elements-holder   eltd-two-columns  eltd-responsive-mode-768 \" ><div class=\"eltd-eh-item    \"  data-item-class=\"eltd-eh-custom-7212\">\n\t<div class=\"eltd-eh-item-inner\">\n\t\t<div class=\"eltd-eh-item-content eltd-eh-custom-7212\" >\n\t\t\t<div class=\"eltd-image-gallery  eltd-ig-slider-type eltd-no-space     \">\n\t<div class=\"eltd-ig-slider eltd-owl-slider\" data-number-of-items=\"1\" data-enable-loop=\"yes\" data-enable-autoplay=\"no\" data-slider-speed=\"5000\" data-slider-speed-animation=\"600\" data-slider-padding=\"no\" data-enable-navigation=\"yes\" data-enable-custom-navigation=\"no\" data-enable-pagination=\"yes\" data-slider-animate-out=\"fadeOut\">\n\t\t\t\t\t<div class=\"eltd-ig-image\">\n\t\t\t\t\t\t\t\t\t<img loading=\"lazy\" decoding=\"async\" width=\"800\" height=\"650\" src=\"https:\/\/www.lamerresort.gr\/wp-content\/uploads\/2018\/08\/drz-lamerDJI_0339.jpg\" class=\"attachment-full size-full\" alt=\"\" srcset=\"https:\/\/www.lamerresort.gr\/wp-content\/uploads\/2018\/08\/drz-lamerDJI_0339.jpg 800w, https:\/\/www.lamerresort.gr\/wp-content\/uploads\/2018\/08\/drz-lamerDJI_0339-300x244.jpg 300w, https:\/\/www.lamerresort.gr\/wp-content\/uploads\/2018\/08\/drz-lamerDJI_0339-768x624.jpg 768w\" sizes=\"(max-width: 800px) 100vw, 800px\" \/>\t\t\t\t\t\t\t<\/div>\n\t\t\t<\/div>\n<\/div>\t\t<\/div>\n\t<\/div>\n<\/div><\/div>[\/vc_column][vc_column el_class=\u00a0\u00bbmywhitebg rmrightpad\u00a0\u00bb offset=\u00a0\u00bbvc_col-lg-6 vc_col-md-6&Prime;]<div class=\"eltd-elements-holder   eltd-two-columns  eltd-responsive-mode-768 \" ><div class=\"eltd-eh-item mylrpp  eltd-horizontal-alignment-center \" style=\"background-color: #ffffff\" data-item-class=\"eltd-eh-custom-3141\">\n\t<div class=\"eltd-eh-item-inner\">\n\t\t<div class=\"eltd-eh-item-content eltd-eh-custom-3141\" >\n\t\t\t<div class=\"eltd-section-title-holder eltd-separator-disabled  \" >\n    <div class=\"eltd-section-title-inner\">\n                    <h5 class=\"eltd-st-subtitle\" >\n                <span>EAU FRAICHE<\/span>\n            <\/h5>\n                            <h3 class=\"eltd-st-title \" >\n                <span class=\"eltd-st-before\">Piscines<\/span>\n                <span>int\u00e9rieure et ext\u00e9rieure<\/span>\n            <\/h3>\n                            <\/div>\n<\/div>[vc_column_text]Piscine int\u00e9rieure d\u2019eau douce \u00e0 renouvellement<br \/>\nPiscine ext\u00e9rieure d\u2019eau douce \u00e0 renouvellement<br \/>\nPiscine int\u00e9rieure chauff\u00e9e dans la zone du Spa[\/vc_column_text]\t\t<\/div>\n\t<\/div>\n<\/div><\/div>[\/vc_column][\/vc_row][vc_row content_text_aligment=\u00a0\u00bbcenter\u00a0\u00bb el_class=\u00a0\u00bbmyrowpad myimgblocks\u00a0\u00bb][vc_column]<div class=\"eltd-section-title-holder eltd-separator-disabled  \" >\n    <div class=\"eltd-section-title-inner\">\n                            <h2 class=\"eltd-st-title \" >\n                <span class=\"eltd-st-before\">V\u00e9rifiez<\/span>\n                <span>aussi<\/span>\n            <\/h2>\n                            <\/div>\n<\/div>[vc_column_text]<\/p>\n<p style=\"text-align: center;\">D\u00e9couvrez nos prestations et services et cr\u00e9ez votre exp\u00e9rience de vacances id\u00e9ale.<\/p>\n<p>[\/vc_column_text][vc_row_inner row_content_width=\u00a0\u00bbgrid\u00a0\u00bb el_class=\u00a0\u00bbmytoppad\u00a0\u00bb][vc_column_inner el_class=\u00a0\u00bbmyhomebox\u00a0\u00bb offset=\u00a0\u00bbvc_col-lg-4 vc_col-md-4&Prime;]<div class=\"eltd-image-with-text-holder   eltd-image-behavior-custom-link\">\n    <div class=\"eltd-iwt-image\">\n        \t            <a itemprop=\"url\" href=\"https:\/\/www.lamerresort.gr\/fr\/experience\/gym-fitness\/\" target=\"_self\">\n                                    <img loading=\"lazy\" decoding=\"async\" width=\"800\" height=\"550\" src=\"https:\/\/www.lamerresort.gr\/wp-content\/uploads\/2018\/08\/drz-lamer_Q1A7948Fitness.jpg\" class=\"attachment-full size-full\" alt=\"\" srcset=\"https:\/\/www.lamerresort.gr\/wp-content\/uploads\/2018\/08\/drz-lamer_Q1A7948Fitness.jpg 800w, https:\/\/www.lamerresort.gr\/wp-content\/uploads\/2018\/08\/drz-lamer_Q1A7948Fitness-300x206.jpg 300w, https:\/\/www.lamerresort.gr\/wp-content\/uploads\/2018\/08\/drz-lamer_Q1A7948Fitness-768x528.jpg 768w\" sizes=\"(max-width: 800px) 100vw, 800px\" \/>                                <\/a>\n            <\/div>\n    <div class=\"eltd-iwt-text-holder\">\n        \t\t    <\/div>\n<\/div>[vc_column_text]<\/p>\n<h4 class=\"eltd-iwt-title\"><a href=\"https:\/\/www.lamerresort.gr\/fr\/experience\/gym-fitness\/\">Salle de gym<\/a><\/h4>\n<p style=\"text-align: center;\">Poursuivez votre entra\u00eenement quotidien et b\u00e9n\u00e9ficiez d\u2019une atmosph\u00e8re m\u00e9diterran\u00e9enne unique.<\/p>\n<p>[\/vc_column_text][\/vc_column_inner][vc_column_inner el_class=\u00a0\u00bbmyhomebox\u00a0\u00bb offset=\u00a0\u00bbvc_col-lg-4 vc_col-md-4&Prime;]<div class=\"eltd-image-with-text-holder   eltd-image-behavior-custom-link\">\n    <div class=\"eltd-iwt-image\">\n        \t            <a itemprop=\"url\" href=\"https:\/\/www.lamerresort.gr\/fr\/experience\/wellness-spa\/\" target=\"_self\">\n                                    <img loading=\"lazy\" decoding=\"async\" width=\"800\" height=\"550\" src=\"https:\/\/www.lamerresort.gr\/wp-content\/uploads\/2019\/11\/800x550lamer_Q1A7764.jpg\" class=\"attachment-full size-full\" alt=\"\" srcset=\"https:\/\/www.lamerresort.gr\/wp-content\/uploads\/2019\/11\/800x550lamer_Q1A7764.jpg 800w, https:\/\/www.lamerresort.gr\/wp-content\/uploads\/2019\/11\/800x550lamer_Q1A7764-300x206.jpg 300w, https:\/\/www.lamerresort.gr\/wp-content\/uploads\/2019\/11\/800x550lamer_Q1A7764-768x528.jpg 768w\" sizes=\"(max-width: 800px) 100vw, 800px\" \/>                                <\/a>\n            <\/div>\n    <div class=\"eltd-iwt-text-holder\">\n        \t\t    <\/div>\n<\/div>[vc_column_text]<\/p>\n<h4 class=\"eltd-iwt-title\"><a href=\"https:\/\/www.lamerresort.gr\/fr\/experience\/wellness-spa\/\">Centre de bien-\u00eatre<\/a><\/h4>\n<p style=\"text-align: center;\">Laissez votre corps et votre esprit se d\u00e9tendre pendant que les substances b\u00e9n\u00e9fiques et r\u00e9g\u00e9n\u00e9rantes agissent.<\/p>\n<p>[\/vc_column_text][\/vc_column_inner][vc_column_inner el_class=\u00a0\u00bbmyhomebox\u00a0\u00bb offset=\u00a0\u00bbvc_col-lg-4 vc_col-md-4&Prime;]<div class=\"eltd-image-with-text-holder   eltd-image-behavior-custom-link\">\n    <div class=\"eltd-iwt-image\">\n        \t            <a itemprop=\"url\" href=\"https:\/\/www.lamerresort.gr\/fr\/experience\/sports-entertainment\/\" target=\"_self\">\n                                    <img loading=\"lazy\" decoding=\"async\" width=\"800\" height=\"550\" src=\"https:\/\/www.lamerresort.gr\/wp-content\/uploads\/2023\/09\/Outdoor-7.jpg\" class=\"attachment-full size-full\" alt=\"\" srcset=\"https:\/\/www.lamerresort.gr\/wp-content\/uploads\/2023\/09\/Outdoor-7.jpg 800w, https:\/\/www.lamerresort.gr\/wp-content\/uploads\/2023\/09\/Outdoor-7-300x206.jpg 300w, https:\/\/www.lamerresort.gr\/wp-content\/uploads\/2023\/09\/Outdoor-7-768x528.jpg 768w\" sizes=\"(max-width: 800px) 100vw, 800px\" \/>                                <\/a>\n            <\/div>\n    <div class=\"eltd-iwt-text-holder\">\n        \t\t    <\/div>\n<\/div>[vc_column_text]<\/p>\n<h4 class=\"eltd-iwt-title\"><a href=\"https:\/\/www.lamerresort.gr\/fr\/experience\/sports-entertainment\/\">Sports &amp; Divertissement<\/a><\/h4>\n<p style=\"text-align: center;\">La petite touche qui ajoutera divertissement et action \u00e0 vos vacances! Toute une gamme d&rsquo;options de loisirs et de plaisirs dans et hors-murs.<\/p>\n<p>[\/vc_column_text][\/vc_column_inner][\/vc_row_inner][vc_row_inner row_content_width=\u00a0\u00bbgrid\u00a0\u00bb el_class=\u00a0\u00bbmytoppad\u00a0\u00bb][vc_column_inner el_class=\u00a0\u00bbmyhomebox\u00a0\u00bb offset=\u00a0\u00bbvc_col-lg-4 vc_col-md-4&Prime;]<div class=\"eltd-image-with-text-holder   eltd-image-behavior-custom-link\">\n    <div class=\"eltd-iwt-image\">\n        \t            <a itemprop=\"url\" href=\"https:\/\/www.lamerresort.gr\/fr\/experience\/holiday-boutique\/\" target=\"_self\">\n                                    <img loading=\"lazy\" decoding=\"async\" width=\"800\" height=\"550\" src=\"https:\/\/www.lamerresort.gr\/wp-content\/uploads\/2020\/07\/800x550_Shopping-Corner.jpg\" class=\"attachment-full size-full\" alt=\"\" srcset=\"https:\/\/www.lamerresort.gr\/wp-content\/uploads\/2020\/07\/800x550_Shopping-Corner.jpg 800w, https:\/\/www.lamerresort.gr\/wp-content\/uploads\/2020\/07\/800x550_Shopping-Corner-300x206.jpg 300w, https:\/\/www.lamerresort.gr\/wp-content\/uploads\/2020\/07\/800x550_Shopping-Corner-768x528.jpg 768w\" sizes=\"(max-width: 800px) 100vw, 800px\" \/>                                <\/a>\n            <\/div>\n    <div class=\"eltd-iwt-text-holder\">\n        \t\t    <\/div>\n<\/div>[vc_column_text]<\/p>\n<h4 class=\"eltd-iwt-title\"><a href=\"https:\/\/www.lamerresort.gr\/fr\/experience\/holiday-boutique\/\">Boutiques de vacances<\/a><\/h4>\n<p style=\"text-align: center;\">Depuis les \u00e9quipements de plage basiques jusqu&rsquo;aux souvenirs, nous avons tout ce dont vous avez besoin, pour un s\u00e9jour sans souci.<\/p>\n<p>[\/vc_column_text][\/vc_column_inner][vc_column_inner el_class=\u00a0\u00bbmyhomebox\u00a0\u00bb offset=\u00a0\u00bbvc_col-lg-4 vc_col-md-4&Prime;]<div class=\"eltd-image-with-text-holder   eltd-image-behavior-custom-link\">\n    <div class=\"eltd-iwt-image\">\n        \t            <a itemprop=\"url\" href=\"https:\/\/www.lamerresort.gr\/fr\/experience\/guest-services\/\" target=\"_self\">\n                                    <img loading=\"lazy\" decoding=\"async\" width=\"800\" height=\"550\" src=\"https:\/\/www.lamerresort.gr\/wp-content\/uploads\/2019\/11\/drz-lamer_Q1A7524.jpg\" class=\"attachment-full size-full\" alt=\"\" srcset=\"https:\/\/www.lamerresort.gr\/wp-content\/uploads\/2019\/11\/drz-lamer_Q1A7524.jpg 800w, https:\/\/www.lamerresort.gr\/wp-content\/uploads\/2019\/11\/drz-lamer_Q1A7524-300x206.jpg 300w, https:\/\/www.lamerresort.gr\/wp-content\/uploads\/2019\/11\/drz-lamer_Q1A7524-768x528.jpg 768w\" sizes=\"(max-width: 800px) 100vw, 800px\" \/>                                <\/a>\n            <\/div>\n    <div class=\"eltd-iwt-text-holder\">\n        \t\t    <\/div>\n<\/div>[vc_column_text]<\/p>\n<h4 class=\"eltd-iwt-title\"><a href=\"https:\/\/www.lamerresort.gr\/fr\/experience\/guest-services\/\">L\u2019exp\u00e9rience de l&rsquo;hospitalit\u00e9<\/a><\/h4>\n<p style=\"text-align: center;\">Des prestations et des services qui vous procureront la paix de l\u2019esprit. Appr\u00e9ciez des vacances insouciantes, inoubliables, qui r\u00e9g\u00e9n\u00e8reront votre corps comme votre esprit.<\/p>\n<p>[\/vc_column_text][\/vc_column_inner][vc_column_inner el_class=\u00a0\u00bbmyhomebox\u00a0\u00bb offset=\u00a0\u00bbvc_col-lg-4 vc_col-md-4&Prime;]<div class=\"eltd-image-with-text-holder   eltd-image-behavior-custom-link\">\n    <div class=\"eltd-iwt-image\">\n        \t            <a itemprop=\"url\" href=\"https:\/\/www.lamerresort.gr\/fr\/experience\/conferences-meetings\/\" target=\"_self\">\n                                    <img loading=\"lazy\" decoding=\"async\" width=\"800\" height=\"550\" src=\"https:\/\/www.lamerresort.gr\/wp-content\/uploads\/2018\/08\/drz-lamer_Q1A8752Conferences.jpg\" class=\"attachment-full size-full\" alt=\"\" srcset=\"https:\/\/www.lamerresort.gr\/wp-content\/uploads\/2018\/08\/drz-lamer_Q1A8752Conferences.jpg 800w, https:\/\/www.lamerresort.gr\/wp-content\/uploads\/2018\/08\/drz-lamer_Q1A8752Conferences-300x206.jpg 300w, https:\/\/www.lamerresort.gr\/wp-content\/uploads\/2018\/08\/drz-lamer_Q1A8752Conferences-768x528.jpg 768w\" sizes=\"(max-width: 800px) 100vw, 800px\" \/>                                <\/a>\n            <\/div>\n    <div class=\"eltd-iwt-text-holder\">\n        \t\t    <\/div>\n<\/div>[vc_column_text]<\/p>\n<h4 class=\"eltd-iwt-title\"><a href=\"https:\/\/www.lamerresort.gr\/fr\/experience\/conferences-meetings\/\">\u00c9v\u00e8nements &amp; c\u00e9l\u00e9brations<\/a><\/h4>\n<p style=\"text-align: center;\">Laissez-nous transformer ces moments uniques pour vous en exp\u00e9riences in\u00e9dites, inoubliables et idylliques.<\/p>\n<p>[\/vc_column_text][\/vc_column_inner][\/vc_row_inner][\/vc_column][\/vc_row]<\/p>\n<\/div>","protected":false},"excerpt":{"rendered":"<p>[vc_row row_content_width=\u00a0\u00bbgrid\u00a0\u00bb content_text_aligment=\u00a0\u00bbcenter\u00a0\u00bb el_class=\u00a0\u00bbmycleanstartrow\u00a0\u00bb][vc_column offset=\u00a0\u00bbvc_col-lg-offset-2 vc_col-lg-8 vc_col-md-offset-1 vc_col-md-10&Prime;][vc_column_text] Que vous choisissez de vous d\u00e9tendre au bord de la mer [&hellip;]<\/p>\n","protected":false},"author":1,"featured_media":0,"parent":6243,"menu_order":0,"comment_status":"closed","ping_status":"closed","template":"full-width.php","meta":{"_acf_changed":false,"footnotes":""},"acf":[],"_links":{"self":[{"href":"https:\/\/www.lamerresort.gr\/fr\/wp-json\/wp\/v2\/pages\/6255"}],"collection":[{"href":"https:\/\/www.lamerresort.gr\/fr\/wp-json\/wp\/v2\/pages"}],"about":[{"href":"https:\/\/www.lamerresort.gr\/fr\/wp-json\/wp\/v2\/types\/page"}],"author":[{"embeddable":true,"href":"https:\/\/www.lamerresort.gr\/fr\/wp-json\/wp\/v2\/users\/1"}],"replies":[{"embeddable":true,"href":"https:\/\/www.lamerresort.gr\/fr\/wp-json\/wp\/v2\/comments?post=6255"}],"version-history":[{"count":10,"href":"https:\/\/www.lamerresort.gr\/fr\/wp-json\/wp\/v2\/pages\/6255\/revisions"}],"predecessor-version":[{"id":8534,"href":"https:\/\/www.lamerresort.gr\/fr\/wp-json\/wp\/v2\/pages\/6255\/revisions\/8534"}],"up":[{"embeddable":true,"href":"https:\/\/www.lamerresort.gr\/fr\/wp-json\/wp\/v2\/pages\/6243"}],"wp:attachment":[{"href":"https:\/\/www.lamerresort.gr\/fr\/wp-json\/wp\/v2\/media?parent=6255"}],"curies":[{"name":"wp","href":"https:\/\/api.w.org\/{rel}","templated":true}]}}