{"id":6228,"date":"2018-03-20T09:16:24","date_gmt":"2018-03-20T09:16:24","guid":{"rendered":"https:\/\/www.lamerresort.gr\/accommodation\/"},"modified":"2018-08-23T16:58:21","modified_gmt":"2018-08-23T13:58:21","slug":"accommodation","status":"publish","type":"page","link":"https:\/\/www.lamerresort.gr\/fr\/accommodation\/","title":{"rendered":"H\u00e9bergement"},"content":{"rendered":"<div class=\"wpb-content-wrapper\"><p>[vc_row row_content_width=\u00a0\u00bbgrid\u00a0\u00bb content_text_aligment=\u00a0\u00bbcenter\u00a0\u00bb el_class=\u00a0\u00bbmycleanstartrow\u00a0\u00bb][vc_column offset=\u00a0\u00bbvc_col-lg-offset-2 vc_col-lg-8 vc_col-md-offset-1 vc_col-md-10&Prime;]<div class=\"eltd-section-title-holder eltd-separator-disabled  eltd-st-text-position-center\" style=\"text-align: center\">\n    <div class=\"eltd-section-title-inner\">\n                            <h2 class=\"eltd-st-title eltd-title-center\" >\n                <span class=\"eltd-st-before\">Trouvez votre<\/span>\n                <span>logement parfait<\/span>\n            <\/h2>\n                            <\/div>\n<\/div>[vc_column_text]<\/p>\n<p style=\"text-align: center;\">Esth\u00e9tique minimale et \u00e9l\u00e9gante et fonctionnalit\u00e9 absolue s&rsquo;allient harmonieusement dans nos 76 chambres et suites, toutes d\u00e9di\u00e9es au confort et au plaisir. Gr\u00e2ce \u00e0 une disposition optimale et l&rsquo;utilisation de mat\u00e9riaux respectueux de l\u2019environnement, nos chambres et suites disposent de tout le confort et offrent une vaste gamme de prestations.<\/p>\n<p style=\"text-align: center;\">Choisissez le d\u00e9cor id\u00e9al pour une exp\u00e9rience agr\u00e9able, luxueuse et relaxante.<\/p>\n<p>[\/vc_column_text][\/vc_column][\/vc_row][vc_row row_content_width=\u00a0\u00bbgrid\u00a0\u00bb content_text_aligment=\u00a0\u00bbcenter\u00a0\u00bb simple_background_color=\u00a0\u00bb#f5f5f5&Prime; el_class=\u00a0\u00bbmyrowpad myroomlistrow\u00a0\u00bb][vc_column offset=\u00a0\u00bbvc_col-lg-12 vc_col-md-12&Prime;]<div class=\"eltd-hrl-holder eltd-hrl-divided eltd-normal-space    eltd-hrl-one-column eltd-hrl-pag-no-pagination\"  data-type=\"divided\" data-number-of-columns=\"1\" data-space-between-items=\"normal\" data-number-of-items=\"-1\" data-image-proportions=\"full\" data-order-by=\"date\" data-order=\"ASC\" data-title-tag=\"h2\" data-enable-excerpt=\"yes\" data-excerpt-length=\"800\" data-pagination-type=\"no-pagination\" data-enable-filter=\"no\" data-enable-sort=\"no\" data-max-num-pages=\"0\" data-next-page=\"2\">\n\t\t<div class=\"eltd-grid-row\">\n        <div class=\"eltd-hrl-items-part\n                        eltd-grid-col-12\n            \">\n\t\t\t<div class=\"eltd-hrl-inner eltd-outer-space clearfix\">\n\t\t\t\t    <article class=\"eltd-hrl-item eltd-item-space  post-6331 hotel-room type-hotel-room status-publish has-post-thumbnail hentry amenity-tag-coffee-tea-facilities-fr amenity-tag-espresso-machine-on-request-fr amenity-tag-towel-change-on-request-fr amenity-tag-exclusive-pillow-menu-fr amenity-tag-independent-air-conditioning-heating-fr amenity-tag-digital-safe-fr amenity-tag-fer-a-repasser-avec-planche-a-repasser amenity-tag-free-wi-fi-fr amenity-tag-direct-dial-telephone-fr amenity-tag-mini-bar-upon-request-fr amenity-tag-mini-fridge-fr amenity-tag-magnifying-mirror-fr amenity-tag-laptop-or-tablet-upon-availability-fr amenity-tag-welcoming-gift-basket-fr amenity-tag-bathrobes-slippers-beach-towels-fr amenity-tag-premium-organic-toiletries-natural-cosmetics-fr amenity-tag-shower-with-hydro-massage-fr amenity-tag-hairdryer-fr amenity-tag-daily-maid-service-fr amenity-tag-pre-arrival-request-services-fr amenity-tag-smart-hd-43-flat-screen-tv-with-free-satellite-channels-free-wi-fi-fr location-tag-crete\"\n             id=\"6331\">\n        <div class=\"eltd-hrl-item-inner\">\n\t\t\t<div class=\"eltd-item-holder\">\n    <div class=\"eltd-hrl-item-image\">\n\t<img loading=\"lazy\" decoding=\"async\" width=\"830\" height=\"555\" src=\"https:\/\/www.lamerresort.gr\/wp-content\/uploads\/2018\/04\/lamer1.jpg\" class=\"attachment-full size-full wp-post-image\" alt=\"\" srcset=\"https:\/\/www.lamerresort.gr\/wp-content\/uploads\/2018\/04\/lamer1.jpg 830w, https:\/\/www.lamerresort.gr\/wp-content\/uploads\/2018\/04\/lamer1-300x201.jpg 300w, https:\/\/www.lamerresort.gr\/wp-content\/uploads\/2018\/04\/lamer1-768x514.jpg 768w\" sizes=\"(max-width: 830px) 100vw, 830px\" \/>    <a itemprop=\"url\" class=\"eltd-hrl-link eltd-block-drag-link\" href=\"https:\/\/www.lamerresort.gr\/fr\/hotel-room\/standard-room-garden-level-with-partial-sea-view\/\" target=\"_self\"><\/a>\n\t<\/div>    <div class=\"eltd-hrl-item-content\">\n        <div class=\"eltd-hrl-item-content-holder\">\n            <div class=\"eltd-hrl-item-content-inner\">\n\t\t\t\t<h2 itemprop=\"name\" class=\"eltd-hrl-item-title entry-title\">\n<a itemprop=\"url\" href=\"https:\/\/www.lamerresort.gr\/fr\/hotel-room\/standard-room-garden-level-with-partial-sea-view\/\" target=\"_self\">\n\tChambre Queen Premium avec piscine partag\u00e9e<\/a>\n<\/h2>\n<div class=\"eltd-grid-col-12 myroomlistfeat\">\n\t\t\t\t<span class=\"myroomtitlefeat\"><i class=\"fa fa-expand\"><\/i> <span>27 m<sup>2<\/sup><\/span><\/span>\n\t\t\t<span class=\"myroomtitlefeat\"><i class=\"fa fa-user\"><\/i> <span>2                    adultes                <\/span><\/span>\n            <span class=\"myroomtitlefeat\"><i class=\"fa fa-eye\"><\/i> <span>Vue partielle sur la mer<\/span><\/span>\n    <\/div>\n\t\t\t\t\t\t\t\t\t<p itemprop=\"description\" class=\"eltd-pli-excerpt\">Profitez d&#039;un acc\u00e8s direct \u00e0 votre piscine ext\u00e9rieure partag\u00e9e pour des moments de d\u00e9tente uniques.<\/p>\n\t\t\t\t<div class=\"eltd-post-read-more-button\">\n\t<a itemprop=\"url\" href=\"https:\/\/www.lamerresort.gr\/fr\/hotel-room\/standard-room-garden-level-with-partial-sea-view\/\" target=\"_self\" class=\"eltd-btn eltd-btn-medium eltd-btn-solid eltd-btn-custom-border-hover eltd-btn-line-left eltd-btn-animation-enabled myroomlistbtn\" data-hover-border-color=\"#524e47\">\n\t\t<span class=\"eltd-btn-text\">LIRE LA SUITE<\/span>\n\t\t<span class=\"eltd-btn-hover-overlay\" style=\"background-color: #524e47;border-color: #524e47\"><\/span>\n\t<\/a>\n<\/div>\n            <\/div>\n        <\/div>\n    <\/div>\n<\/div>\n        <\/div>\n    <\/article>\n    <article class=\"eltd-hrl-item eltd-item-space  post-6359 hotel-room type-hotel-room status-publish has-post-thumbnail hentry amenity-tag-coffee-tea-facilities-fr amenity-tag-espresso-machine-on-request-fr amenity-tag-towel-change-on-request-fr amenity-tag-exclusive-pillow-menu-fr amenity-tag-independent-air-conditioning-heating-fr amenity-tag-digital-safe-fr amenity-tag-fer-a-repasser-avec-planche-a-repasser amenity-tag-free-wi-fi-fr amenity-tag-direct-dial-telephone-fr amenity-tag-mini-bar-upon-request-fr amenity-tag-mini-fridge-fr amenity-tag-magnifying-mirror-fr amenity-tag-laptop-or-tablet-upon-availability-fr amenity-tag-welcoming-gift-basket-fr amenity-tag-bathrobes-slippers-beach-towels-fr amenity-tag-premium-organic-toiletries-natural-cosmetics-fr amenity-tag-shower-with-hydro-massage-fr amenity-tag-hairdryer-fr amenity-tag-daily-maid-service-fr amenity-tag-pre-arrival-request-services-fr amenity-tag-smart-hd-43-flat-screen-tv-with-free-satellite-channels-free-wi-fi-fr\"\n             id=\"6359\">\n        <div class=\"eltd-hrl-item-inner\">\n\t\t\t<div class=\"eltd-item-holder\">\n    <div class=\"eltd-hrl-item-image\">\n\t<img loading=\"lazy\" decoding=\"async\" width=\"830\" height=\"555\" src=\"https:\/\/www.lamerresort.gr\/wp-content\/uploads\/2018\/04\/lamer1.jpg\" class=\"attachment-full size-full wp-post-image\" alt=\"\" srcset=\"https:\/\/www.lamerresort.gr\/wp-content\/uploads\/2018\/04\/lamer1.jpg 830w, https:\/\/www.lamerresort.gr\/wp-content\/uploads\/2018\/04\/lamer1-300x201.jpg 300w, https:\/\/www.lamerresort.gr\/wp-content\/uploads\/2018\/04\/lamer1-768x514.jpg 768w\" sizes=\"(max-width: 830px) 100vw, 830px\" \/>    <a itemprop=\"url\" class=\"eltd-hrl-link eltd-block-drag-link\" href=\"https:\/\/www.lamerresort.gr\/fr\/hotel-room\/triple-room-garden-level-with-partial-view\/\" target=\"_self\"><\/a>\n\t<\/div>    <div class=\"eltd-hrl-item-content\">\n        <div class=\"eltd-hrl-item-content-holder\">\n            <div class=\"eltd-hrl-item-content-inner\">\n\t\t\t\t<h2 itemprop=\"name\" class=\"eltd-hrl-item-title entry-title\">\n<a itemprop=\"url\" href=\"https:\/\/www.lamerresort.gr\/fr\/hotel-room\/triple-room-garden-level-with-partial-view\/\" target=\"_self\">\n\tChambre Queen Premium avec piscine priv\u00e9e<\/a>\n<\/h2>\n<div class=\"eltd-grid-col-12 myroomlistfeat\">\n\t\t\t\t<span class=\"myroomtitlefeat\"><i class=\"fa fa-expand\"><\/i> <span>27 m<sup>2<\/sup><\/span><\/span>\n\t\t\t<span class=\"myroomtitlefeat\"><i class=\"fa fa-user\"><\/i> <span>2                    adultes                <\/span><\/span>\n            <span class=\"myroomtitlefeat\"><i class=\"fa fa-eye\"><\/i> <span> Vue partielle sur la mer<\/span><\/span>\n    <\/div>\n\t\t\t\t\t\t\t\t\t<p itemprop=\"description\" class=\"eltd-pli-excerpt\">Acc\u00e9dez directement \u00e0 votre piscine ext\u00e9rieure priv\u00e9e pour des moments de d\u00e9tente uniques.<\/p>\n\t\t\t\t<div class=\"eltd-post-read-more-button\">\n\t<a itemprop=\"url\" href=\"https:\/\/www.lamerresort.gr\/fr\/hotel-room\/triple-room-garden-level-with-partial-view\/\" target=\"_self\" class=\"eltd-btn eltd-btn-medium eltd-btn-solid eltd-btn-custom-border-hover eltd-btn-line-left eltd-btn-animation-enabled myroomlistbtn\" data-hover-border-color=\"#524e47\">\n\t\t<span class=\"eltd-btn-text\">LIRE LA SUITE<\/span>\n\t\t<span class=\"eltd-btn-hover-overlay\" style=\"background-color: #524e47;border-color: #524e47\"><\/span>\n\t<\/a>\n<\/div>\n            <\/div>\n        <\/div>\n    <\/div>\n<\/div>\n        <\/div>\n    <\/article>\n    <article class=\"eltd-hrl-item eltd-item-space  post-6343 hotel-room type-hotel-room status-publish has-post-thumbnail hentry amenity-tag-coffee-tea-facilities-fr amenity-tag-espresso-machine-on-request-fr amenity-tag-towel-change-on-request-fr amenity-tag-exclusive-pillow-menu-fr amenity-tag-independent-air-conditioning-heating-fr amenity-tag-digital-safe-fr amenity-tag-free-wi-fi-fr amenity-tag-direct-dial-telephone-fr amenity-tag-mini-bar-upon-request-fr amenity-tag-mini-fridge-fr amenity-tag-magnifying-mirror-fr amenity-tag-laptop-or-tablet-upon-availability-fr amenity-tag-welcoming-gift-basket-fr amenity-tag-bathrobes-slippers-beach-towels-fr amenity-tag-premium-organic-toiletries-natural-cosmetics-fr amenity-tag-shower-with-hydro-massage-fr amenity-tag-hairdryer-fr amenity-tag-daily-maid-service-fr amenity-tag-pre-arrival-request-services-fr amenity-tag-smart-hd-43-flat-screen-tv-with-free-satellite-channels-free-wi-fi-fr\"\n             id=\"6343\">\n        <div class=\"eltd-hrl-item-inner\">\n\t\t\t<div class=\"eltd-item-holder\">\n    <div class=\"eltd-hrl-item-image\">\n\t<img loading=\"lazy\" decoding=\"async\" width=\"830\" height=\"552\" src=\"https:\/\/www.lamerresort.gr\/wp-content\/uploads\/2018\/05\/Pilot-4.jpg\" class=\"attachment-full size-full wp-post-image\" alt=\"\" srcset=\"https:\/\/www.lamerresort.gr\/wp-content\/uploads\/2018\/05\/Pilot-4.jpg 830w, https:\/\/www.lamerresort.gr\/wp-content\/uploads\/2018\/05\/Pilot-4-300x200.jpg 300w, https:\/\/www.lamerresort.gr\/wp-content\/uploads\/2018\/05\/Pilot-4-768x511.jpg 768w\" sizes=\"(max-width: 830px) 100vw, 830px\" \/>    <a itemprop=\"url\" class=\"eltd-hrl-link eltd-block-drag-link\" href=\"https:\/\/www.lamerresort.gr\/fr\/hotel-room\/standard-room-with-partial-sea-view\/\" target=\"_self\"><\/a>\n\t<\/div>    <div class=\"eltd-hrl-item-content\">\n        <div class=\"eltd-hrl-item-content-holder\">\n            <div class=\"eltd-hrl-item-content-inner\">\n\t\t\t\t<h2 itemprop=\"name\" class=\"eltd-hrl-item-title entry-title\">\n<a itemprop=\"url\" href=\"https:\/\/www.lamerresort.gr\/fr\/hotel-room\/standard-room-with-partial-sea-view\/\" target=\"_self\">\n\tChambre double avec vue partielle sur la mer<\/a>\n<\/h2>\n<div class=\"eltd-grid-col-12 myroomlistfeat\">\n\t\t\t\t<span class=\"myroomtitlefeat\"><i class=\"fa fa-expand\"><\/i> <span>23 m<sup>2<\/sup><\/span><\/span>\n\t\t\t<span class=\"myroomtitlefeat\"><i class=\"fa fa-user\"><\/i> <span>2                    adultes                <\/span><\/span>\n            <span class=\"myroomtitlefeat\"><i class=\"fa fa-eye\"><\/i> <span>Vue partielle sur la mer<\/span><\/span>\n    <\/div>\n\t\t\t\t\t\t\t\t\t<p itemprop=\"description\" class=\"eltd-pli-excerpt\">Le balcon de 6 m\u00b2 offre une vue partielle sur la mer et sur les jardins verdoyants de l&#039;h\u00f4tel constitue un endroit id\u00e9al pour se d\u00e9tendre. <\/p>\n\t\t\t\t<div class=\"eltd-post-read-more-button\">\n\t<a itemprop=\"url\" href=\"https:\/\/www.lamerresort.gr\/fr\/hotel-room\/standard-room-with-partial-sea-view\/\" target=\"_self\" class=\"eltd-btn eltd-btn-medium eltd-btn-solid eltd-btn-custom-border-hover eltd-btn-line-left eltd-btn-animation-enabled myroomlistbtn\" data-hover-border-color=\"#524e47\">\n\t\t<span class=\"eltd-btn-text\">LIRE LA SUITE<\/span>\n\t\t<span class=\"eltd-btn-hover-overlay\" style=\"background-color: #524e47;border-color: #524e47\"><\/span>\n\t<\/a>\n<\/div>\n            <\/div>\n        <\/div>\n    <\/div>\n<\/div>\n        <\/div>\n    <\/article>\n    <article class=\"eltd-hrl-item eltd-item-space  post-6353 hotel-room type-hotel-room status-publish has-post-thumbnail hentry amenity-tag-coffee-tea-facilities-fr amenity-tag-espresso-machine-on-request-fr amenity-tag-towel-change-on-request-fr amenity-tag-exclusive-pillow-menu-fr amenity-tag-independent-air-conditioning-heating-fr amenity-tag-digital-safe-fr amenity-tag-free-wi-fi-fr amenity-tag-direct-dial-telephone-fr amenity-tag-mini-bar-upon-request-fr amenity-tag-mini-fridge-fr amenity-tag-magnifying-mirror-fr amenity-tag-laptop-or-tablet-upon-availability-fr amenity-tag-welcoming-gift-basket-fr amenity-tag-bathrobes-slippers-beach-towels-fr amenity-tag-premium-organic-toiletries-natural-cosmetics-fr amenity-tag-shower-with-hydro-massage-fr amenity-tag-hairdryer-fr amenity-tag-daily-maid-service-fr amenity-tag-pre-arrival-request-services-fr amenity-tag-smart-hd-43-flat-screen-tv-with-free-satellite-channels-free-wi-fi-fr\"\n             id=\"6353\">\n        <div class=\"eltd-hrl-item-inner\">\n\t\t\t<div class=\"eltd-item-holder\">\n    <div class=\"eltd-hrl-item-image\">\n\t<img loading=\"lazy\" decoding=\"async\" width=\"830\" height=\"553\" src=\"https:\/\/www.lamerresort.gr\/wp-content\/uploads\/2018\/06\/Pilot-8mod.jpg\" class=\"attachment-full size-full wp-post-image\" alt=\"\" srcset=\"https:\/\/www.lamerresort.gr\/wp-content\/uploads\/2018\/06\/Pilot-8mod.jpg 830w, https:\/\/www.lamerresort.gr\/wp-content\/uploads\/2018\/06\/Pilot-8mod-300x200.jpg 300w, https:\/\/www.lamerresort.gr\/wp-content\/uploads\/2018\/06\/Pilot-8mod-768x512.jpg 768w\" sizes=\"(max-width: 830px) 100vw, 830px\" \/>    <a itemprop=\"url\" class=\"eltd-hrl-link eltd-block-drag-link\" href=\"https:\/\/www.lamerresort.gr\/fr\/hotel-room\/standard-room-with-sea-view\/\" target=\"_self\"><\/a>\n\t<\/div>    <div class=\"eltd-hrl-item-content\">\n        <div class=\"eltd-hrl-item-content-holder\">\n            <div class=\"eltd-hrl-item-content-inner\">\n\t\t\t\t<h2 itemprop=\"name\" class=\"eltd-hrl-item-title entry-title\">\n<a itemprop=\"url\" href=\"https:\/\/www.lamerresort.gr\/fr\/hotel-room\/standard-room-with-sea-view\/\" target=\"_self\">\n\tChambre double avec vue sur la mer<\/a>\n<\/h2>\n<div class=\"eltd-grid-col-12 myroomlistfeat\">\n\t\t\t\t<span class=\"myroomtitlefeat\"><i class=\"fa fa-expand\"><\/i> <span>23 m<sup>2<\/sup><\/span><\/span>\n\t\t\t<span class=\"myroomtitlefeat\"><i class=\"fa fa-user\"><\/i> <span>2                    adultes                <\/span><\/span>\n            <span class=\"myroomtitlefeat\"><i class=\"fa fa-eye\"><\/i> <span>Vue sur la mer<\/span><\/span>\n    <\/div>\n\t\t\t\t\t\t\t\t\t<p itemprop=\"description\" class=\"eltd-pli-excerpt\">Le balcon de 6 m\u00b2 offre une splendide vue panoramique sur le bleu infini de la mer de Cr\u00e8te. <\/p>\n\t\t\t\t<div class=\"eltd-post-read-more-button\">\n\t<a itemprop=\"url\" href=\"https:\/\/www.lamerresort.gr\/fr\/hotel-room\/standard-room-with-sea-view\/\" target=\"_self\" class=\"eltd-btn eltd-btn-medium eltd-btn-solid eltd-btn-custom-border-hover eltd-btn-line-left eltd-btn-animation-enabled myroomlistbtn\" data-hover-border-color=\"#524e47\">\n\t\t<span class=\"eltd-btn-text\">LIRE LA SUITE<\/span>\n\t\t<span class=\"eltd-btn-hover-overlay\" style=\"background-color: #524e47;border-color: #524e47\"><\/span>\n\t<\/a>\n<\/div>\n            <\/div>\n        <\/div>\n    <\/div>\n<\/div>\n        <\/div>\n    <\/article>\n    <article class=\"eltd-hrl-item eltd-item-space  post-7051 hotel-room type-hotel-room status-publish has-post-thumbnail hentry amenity-tag-coffee-tea-facilities-fr amenity-tag-espresso-machine-on-request-fr amenity-tag-towel-change-on-request-fr amenity-tag-exclusive-pillow-menu-fr amenity-tag-independent-air-conditioning-heating-fr amenity-tag-digital-safe-fr amenity-tag-free-wi-fi-fr amenity-tag-direct-dial-telephone-fr amenity-tag-mini-bar-upon-request-fr amenity-tag-mini-fridge-fr amenity-tag-magnifying-mirror-fr amenity-tag-laptop-or-tablet-upon-availability-fr amenity-tag-welcoming-gift-basket-fr amenity-tag-bathrobes-slippers-beach-towels-fr amenity-tag-premium-organic-toiletries-natural-cosmetics-fr amenity-tag-shower-with-hydro-massage-fr amenity-tag-hairdryer-fr amenity-tag-daily-maid-service-fr amenity-tag-pre-arrival-request-services-fr amenity-tag-smart-hd-43-flat-screen-tv-with-free-satellite-channels-free-wi-fi-fr location-tag-crete\"\n             id=\"7051\">\n        <div class=\"eltd-hrl-item-inner\">\n\t\t\t<div class=\"eltd-item-holder\">\n    <div class=\"eltd-hrl-item-image\">\n\t<img loading=\"lazy\" decoding=\"async\" width=\"830\" height=\"553\" src=\"https:\/\/www.lamerresort.gr\/wp-content\/uploads\/2020\/05\/Pilot-17.jpg\" class=\"attachment-full size-full wp-post-image\" alt=\"\" srcset=\"https:\/\/www.lamerresort.gr\/wp-content\/uploads\/2020\/05\/Pilot-17.jpg 830w, https:\/\/www.lamerresort.gr\/wp-content\/uploads\/2020\/05\/Pilot-17-300x200.jpg 300w, https:\/\/www.lamerresort.gr\/wp-content\/uploads\/2020\/05\/Pilot-17-768x512.jpg 768w\" sizes=\"(max-width: 830px) 100vw, 830px\" \/>    <a itemprop=\"url\" class=\"eltd-hrl-link eltd-block-drag-link\" href=\"https:\/\/www.lamerresort.gr\/fr\/hotel-room\/triple-room-with-sea-view\/\" target=\"_self\"><\/a>\n\t<\/div>    <div class=\"eltd-hrl-item-content\">\n        <div class=\"eltd-hrl-item-content-holder\">\n            <div class=\"eltd-hrl-item-content-inner\">\n\t\t\t\t<h2 itemprop=\"name\" class=\"eltd-hrl-item-title entry-title\">\n<a itemprop=\"url\" href=\"https:\/\/www.lamerresort.gr\/fr\/hotel-room\/triple-room-with-sea-view\/\" target=\"_self\">\n\tChambre Sup\u00e9rieure avec vue sur la mer<\/a>\n<\/h2>\n<div class=\"eltd-grid-col-12 myroomlistfeat\">\n\t\t\t\t<span class=\"myroomtitlefeat\"><i class=\"fa fa-expand\"><\/i> <span>23 m<sup>2<\/sup><\/span><\/span>\n\t\t\t<span class=\"myroomtitlefeat\"><i class=\"fa fa-user\"><\/i> <span>3                    adultes                <\/span><\/span>\n            <span class=\"myroomtitlefeat\"><i class=\"fa fa-eye\"><\/i> <span>Vue sur la mer<\/span><\/span>\n    <\/div>\n\t\t\t\t\t\t\t\t\t<p itemprop=\"description\" class=\"eltd-pli-excerpt\">Le balcon de 6 m\u00b2 offre une splendide vue panoramique sur le bleu infini de la mer de Cr\u00e8te. <\/p>\n\t\t\t\t<div class=\"eltd-post-read-more-button\">\n\t<a itemprop=\"url\" href=\"https:\/\/www.lamerresort.gr\/fr\/hotel-room\/triple-room-with-sea-view\/\" target=\"_self\" class=\"eltd-btn eltd-btn-medium eltd-btn-solid eltd-btn-custom-border-hover eltd-btn-line-left eltd-btn-animation-enabled myroomlistbtn\" data-hover-border-color=\"#524e47\">\n\t\t<span class=\"eltd-btn-text\">LIRE LA SUITE<\/span>\n\t\t<span class=\"eltd-btn-hover-overlay\" style=\"background-color: #524e47;border-color: #524e47\"><\/span>\n\t<\/a>\n<\/div>\n            <\/div>\n        <\/div>\n    <\/div>\n<\/div>\n        <\/div>\n    <\/article>\n\t\t\t<\/div>\n\t\t\t\t\t<\/div>\n\t\t\t<\/div>\n<\/div>[\/vc_column][\/vc_row]<\/p>\n<\/div>","protected":false},"excerpt":{"rendered":"<p>[vc_row row_content_width=\u00a0\u00bbgrid\u00a0\u00bb content_text_aligment=\u00a0\u00bbcenter\u00a0\u00bb el_class=\u00a0\u00bbmycleanstartrow\u00a0\u00bb][vc_column offset=\u00a0\u00bbvc_col-lg-offset-2 vc_col-lg-8 vc_col-md-offset-1 vc_col-md-10&Prime;][vc_column_text] Esth\u00e9tique minimale et \u00e9l\u00e9gante et fonctionnalit\u00e9 absolue s&rsquo;allient harmonieusement dans nos [&hellip;]<\/p>\n","protected":false},"author":1,"featured_media":0,"parent":0,"menu_order":0,"comment_status":"closed","ping_status":"closed","template":"full-width.php","meta":{"_acf_changed":false,"footnotes":""},"acf":[],"_links":{"self":[{"href":"https:\/\/www.lamerresort.gr\/fr\/wp-json\/wp\/v2\/pages\/6228"}],"collection":[{"href":"https:\/\/www.lamerresort.gr\/fr\/wp-json\/wp\/v2\/pages"}],"about":[{"href":"https:\/\/www.lamerresort.gr\/fr\/wp-json\/wp\/v2\/types\/page"}],"author":[{"embeddable":true,"href":"https:\/\/www.lamerresort.gr\/fr\/wp-json\/wp\/v2\/users\/1"}],"replies":[{"embeddable":true,"href":"https:\/\/www.lamerresort.gr\/fr\/wp-json\/wp\/v2\/comments?post=6228"}],"version-history":[{"count":4,"href":"https:\/\/www.lamerresort.gr\/fr\/wp-json\/wp\/v2\/pages\/6228\/revisions"}],"predecessor-version":[{"id":6563,"href":"https:\/\/www.lamerresort.gr\/fr\/wp-json\/wp\/v2\/pages\/6228\/revisions\/6563"}],"wp:attachment":[{"href":"https:\/\/www.lamerresort.gr\/fr\/wp-json\/wp\/v2\/media?parent=6228"}],"curies":[{"name":"wp","href":"https:\/\/api.w.org\/{rel}","templated":true}]}}