{"id":8434,"date":"2023-07-13T13:22:59","date_gmt":"2023-07-13T10:22:59","guid":{"rendered":"https:\/\/www.lamerresort.gr\/?page_id=8434"},"modified":"2024-05-24T16:53:08","modified_gmt":"2024-05-24T13:53:08","slug":"sustainable-hospitality","status":"publish","type":"page","link":"https:\/\/www.lamerresort.gr\/de\/sustainable-hospitality\/","title":{"rendered":"Nachhaltige Gastfreundschaft"},"content":{"rendered":"<div class=\"wpb-content-wrapper\"><p>[vc_row row_content_width=&#8220;grid&#8220;][vc_column][vc_column_text]La Mer Resort &amp; Spa ist ein Pionier in Sachen Umweltschutz und Nachhaltigkeit und strebt danach, den Verbrauch nat\u00fcrlicher Ressourcen, den Energieaufwand und die Emissionen zu minimieren. Besonderes Augenmerk liegt auf der Wiederverwertung und Aufbereitung von Abf\u00e4llen, damit deren Auswirkungen auf die Umwelt so gering wie m\u00f6glich sind. Es wurde mit Respekt f\u00fcr die Umwelt und die Region Apokoronas entworfen und hilft der Gemeinschaft durch die Nutzung lokaler Produkte und Dienstleistungen. Davon profitiert nicht nur die Natur, sondern auch die Gesellschaft.<\/p>\n<p>Das Resort wurde zum f\u00fcnften Mal in Folge mit dem Green Key-Siegel ausgezeichnet, das ein Bekenntnis zu \u00f6kologischem Verhalten darstellt. Ein eingetragenes Zeichen f\u00fcr Umweltkonformit\u00e4t, ein Symbol f\u00fcr die vollst\u00e4ndige \u00dcbernahme der Bedingungen, die ein \u00f6kologisches Profil ausmachen. Ein Exzellenzmodell f\u00fcr alle, die Entwicklung mit Nachhaltigkeit verbinden und einen Betrieb ohne Umweltbelastung gew\u00e4hrleisten.<\/p>\n<p>Dar\u00fcber hinaus wird die BLAUE FLAGGE, die zum f\u00fcnften Mal in Folge die K\u00fcste von Kavros-La Mer schm\u00fcckt, von der Hellenischen Gesellschaft f\u00fcr Naturschutz verliehen und bescheinigt, dass strenge Standards in Bezug auf Sauberkeit eingehalten werden, die auf h\u00e4ufigen Meerwasseranalysen basieren. Auch Organisation, Information, Sicherheit der Badeg\u00e4ste und Besucher, der Schutz des Naturreichtums der K\u00fcste und des K\u00fcstengebietes sowie das Umweltbewusstsein werden ber\u00fccksichtigt.<\/p>\n<p>&nbsp;<\/p>\n<p>La Mer Resort &amp; Spa hat au\u00dferdem die Zertifizierung des Umweltmanagementsystems ISO 14001 erhalten, was sein kontinuierliches Engagement f\u00fcr die Verbesserung der Umweltleistung unterstreicht. Der Standard wurde komplett neu formuliert, um sicherzustellen, dass seine Ziele und Zweck die sich \u00e4ndernden Bed\u00fcrfnisse der heutigen Welt unterst\u00fctzen und das komplexe Umfeld widerspiegeln, in dem Organisationen heute t\u00e4tig sind. ISO 14001:2015 legt gr\u00f6\u00dferen Wert auf die proaktive Verbesserung der Umweltleistung und integriert das Umweltmanagement in die strategischen Pl\u00e4ne einer Organisation.<\/p>\n<p>Ebenso k\u00f6nnen Besitzer von Elektro- oder Hybridfahrzeugen, die entweder Kunden des Resorts oder Passanten sind, ab 2021 ihre Fahrzeuge mit der neuen smarten Protergia Charge App auf dem Hotelparkplatz laden.<\/p>\n<p>Um das \u00f6kologische Verhalten der Mitarbeiter des La Mer Resort &amp; Spa zu st\u00e4rken, erhalten sie durch j\u00e4hrliche Seminare zum Thema Umwelt und gr\u00fcne Entwicklung systematisch Umwelterziehung und vermitteln ihnen das n\u00f6tige Umweltwissen, um zu wissen, wie sich ihre Aufgaben und Entscheidungen auf alles um sie herum auswirken. Gleichzeitig werden systematisch gruppenweite Umweltma\u00dfnahmen durchgef\u00fchrt, die sich sowohl an Mitarbeiter als auch an G\u00e4ste des La Mer Resort &amp; Spa richten und das Umweltbewusstsein f\u00f6rdern.<\/p>\n<p>Dar\u00fcber hinaus werden alle wiederverwertbaren Materialien an verschiedenen Stellen im Hotel in speziellen Beh\u00e4ltern recycelt, wobei der Schwerpunkt auf Batterien, Kunststoffen, Glas, Aluminium, Lampen, Tinten und Elektroger\u00e4ten liegt. Gleichzeitig werden Ma\u00dfnahmen zur Reduzierung des Wasser- und Energieverbrauchs sowie zur Reduzierung des CO2-Fu\u00dfabdrucks von Kunden und Mitarbeitern gef\u00f6rdert.<\/p>\n<p>Schlie\u00dflich verwenden wir f\u00fcr den t\u00e4glichen Betrieb systematisch wiederverwertbare Materialien wie Papier, Glas usw., f\u00fcr die G\u00e4rten verwenden wir organische D\u00fcngemittel und alle Reinigungsmaterialien, die wir f\u00fcr alle Abteilungen liefern, sind umweltfreundlich.[\/vc_column_text][\/vc_column][\/vc_row][vc_row][vc_column][vc_column_text]<br \/>\n[\/vc_column_text][\/vc_column][\/vc_row][vc_row row_content_width=&#8220;grid&#8220; content_text_aligment=&#8220;center&#8220; el_class=&#8220;mycleanstartrow&#8220;][vc_column offset=&#8220;vc_col-lg-offset-2 vc_col-lg-8 vc_col-md-offset-1 vc_col-md-10&#8243;]<div class=\"eltd-section-title-holder eltd-separator-disabled  eltd-st-text-position-center\" style=\"text-align: center\">\n    <div class=\"eltd-section-title-inner\">\n                            <h2 class=\"eltd-st-title eltd-title-center\" >\n                <span class=\"eltd-st-before\">Ehrungen<\/span>\n                <span>&amp; Auszeichnungen<\/span>\n            <\/h2>\n                            <\/div>\n<\/div>[vc_column_text]<\/p>\n<p style=\"text-align: center;\">Es ist f\u00fcr uns eine gro\u00dfe Ehre, Auszeichnungen zu erhalten, die unseren gro\u00dfen Einsatz best\u00e4tigen und belohnen.<\/p>\n<p>[\/vc_column_text][\/vc_column][\/vc_row][vc_row equal_height=&#8220;yes&#8220; content_placement=&#8220;middle&#8220; row_content_width=&#8220;grid&#8220; content_text_aligment=&#8220;center&#8220; simple_background_color=&#8220;#f5f5f5&#8243; el_class=&#8220;myrowpad mytextgalrow&#8220;][vc_column el_class=&#8220;pushlefthalf rmrightpad rmleftpad&#8220; offset=&#8220;vc_col-lg-6 vc_col-md-6&#8243;]<div class=\"eltd-elements-holder   eltd-two-columns  eltd-responsive-mode-768 \" ><div class=\"eltd-eh-item   eltd-horizontal-alignment-right \"  data-item-class=\"eltd-eh-custom-1376\">\n\t<div class=\"eltd-eh-item-inner\">\n\t\t<div class=\"eltd-eh-item-content eltd-eh-custom-1376\" >\n\t\t\t<div class=\"eltd-image-gallery  eltd-ig-slider-type eltd-large-space     \">\n\t<div class=\"eltd-ig-slider eltd-owl-slider\" data-number-of-items=\"1\" data-enable-loop=\"yes\" data-enable-autoplay=\"no\" data-slider-speed=\"5000\" data-slider-speed-animation=\"600\" data-slider-padding=\"no\" data-enable-navigation=\"yes\" data-enable-custom-navigation=\"no\" data-enable-pagination=\"yes\" data-slider-animate-out=\"fadeOut\">\n\t\t\t\t\t<div class=\"eltd-ig-image\">\n\t\t\t\t\t\t\t\t\t<img loading=\"lazy\" decoding=\"async\" width=\"800\" height=\"650\" src=\"https:\/\/www.lamerresort.gr\/wp-content\/uploads\/2024\/05\/WORLD-TRAVEL-awards-Gold-24.jpg\" class=\"attachment-full size-full\" alt=\"\" srcset=\"https:\/\/www.lamerresort.gr\/wp-content\/uploads\/2024\/05\/WORLD-TRAVEL-awards-Gold-24.jpg 800w, https:\/\/www.lamerresort.gr\/wp-content\/uploads\/2024\/05\/WORLD-TRAVEL-awards-Gold-24-300x244.jpg 300w, https:\/\/www.lamerresort.gr\/wp-content\/uploads\/2024\/05\/WORLD-TRAVEL-awards-Gold-24-768x624.jpg 768w\" sizes=\"(max-width: 800px) 100vw, 800px\" \/>\t\t\t\t\t\t\t<\/div>\n\t\t\t<\/div>\n<\/div>\t\t<\/div>\n\t<\/div>\n<\/div><\/div>[\/vc_column][vc_column el_class=&#8220;pushrighthalf rmrightpad mywhitebg &#8220; offset=&#8220;vc_col-lg-6 vc_col-md-6&#8243;]<div class=\"eltd-elements-holder   eltd-two-columns  eltd-responsive-mode-768 \" ><div class=\"eltd-eh-item mylrpp   \" style=\"background-color: #ffffff\" data-item-class=\"eltd-eh-custom-6131\">\n\t<div class=\"eltd-eh-item-inner\">\n\t\t<div class=\"eltd-eh-item-content eltd-eh-custom-6131\" >\n\t\t\t<div class=\"eltd-section-title-holder eltd-separator-disabled  \" >\n    <div class=\"eltd-section-title-inner\">\n                            <h3 class=\"eltd-st-title \" >\n                <span class=\"eltd-st-before\">World Travel<\/span>\n                <span>Awards<\/span>\n            <\/h3>\n                            <\/div>\n<\/div>[vc_column_text]Das La Mer Resort &amp; Spa erhielt die Auszeichnung Griechenland&#8217;s\u00a0F\u00fchrendes Resort 2024\u201c f\u00fcr das hohe Serviceniveau der griechischen Hotelbranche. Seit 1993 w\u00fcrdigen, belohnen und feiern die World Travel Awards herausragende Leistungen in allen Bereichen der globalen Tourismus- und Reisebranche. Es ist erw\u00e4hnenswert, dass die World Travel Awards von Fachleuten aus der Tourismus- und Reisebranche sowie Einzelpersonen aus der ganzen Welt gew\u00e4hlt werden.[\/vc_column_text]\t\t<\/div>\n\t<\/div>\n<\/div><\/div>[\/vc_column][\/vc_row][vc_row equal_height=&#8220;yes&#8220; content_placement=&#8220;middle&#8220; row_content_width=&#8220;grid&#8220; content_text_aligment=&#8220;center&#8220; simple_background_color=&#8220;#f5f5f5&#8243; el_class=&#8220;myrowpad mytextgalrow&#8220;][vc_column el_class=&#8220;rmleftpad rmrightpad&#8220; offset=&#8220;vc_col-lg-6 vc_col-md-6&#8243;]<div class=\"eltd-elements-holder   eltd-two-columns  eltd-responsive-mode-768 \" ><div class=\"eltd-eh-item    \"  data-item-class=\"eltd-eh-custom-7595\">\n\t<div class=\"eltd-eh-item-inner\">\n\t\t<div class=\"eltd-eh-item-content eltd-eh-custom-7595\" >\n\t\t\t<div class=\"eltd-image-gallery  eltd-ig-slider-type eltd-large-space     \">\n\t<div class=\"eltd-ig-slider eltd-owl-slider\" data-number-of-items=\"1\" data-enable-loop=\"yes\" data-enable-autoplay=\"no\" data-slider-speed=\"5000\" data-slider-speed-animation=\"600\" data-slider-padding=\"no\" data-enable-navigation=\"yes\" data-enable-custom-navigation=\"no\" data-enable-pagination=\"yes\" data-slider-animate-out=\"fadeOut\">\n\t\t\t\t\t<div class=\"eltd-ig-image\">\n\t\t\t\t\t\t\t\t\t<img loading=\"lazy\" decoding=\"async\" width=\"800\" height=\"650\" src=\"https:\/\/www.lamerresort.gr\/wp-content\/uploads\/2024\/05\/SUSTAINABILITY-GREEK-HOSPITALITY.jpg\" class=\"attachment-full size-full\" alt=\"\" srcset=\"https:\/\/www.lamerresort.gr\/wp-content\/uploads\/2024\/05\/SUSTAINABILITY-GREEK-HOSPITALITY.jpg 800w, https:\/\/www.lamerresort.gr\/wp-content\/uploads\/2024\/05\/SUSTAINABILITY-GREEK-HOSPITALITY-300x244.jpg 300w, https:\/\/www.lamerresort.gr\/wp-content\/uploads\/2024\/05\/SUSTAINABILITY-GREEK-HOSPITALITY-768x624.jpg 768w\" sizes=\"(max-width: 800px) 100vw, 800px\" \/>\t\t\t\t\t\t\t<\/div>\n\t\t\t\t\t<div class=\"eltd-ig-image\">\n\t\t\t\t\t\t\t\t\t<img loading=\"lazy\" decoding=\"async\" width=\"800\" height=\"650\" src=\"https:\/\/www.lamerresort.gr\/wp-content\/uploads\/2023\/07\/vraveia-For-site.jpg\" class=\"attachment-full size-full\" alt=\"\" srcset=\"https:\/\/www.lamerresort.gr\/wp-content\/uploads\/2023\/07\/vraveia-For-site.jpg 800w, https:\/\/www.lamerresort.gr\/wp-content\/uploads\/2023\/07\/vraveia-For-site-300x244.jpg 300w, https:\/\/www.lamerresort.gr\/wp-content\/uploads\/2023\/07\/vraveia-For-site-768x624.jpg 768w\" sizes=\"(max-width: 800px) 100vw, 800px\" \/>\t\t\t\t\t\t\t<\/div>\n\t\t\t<\/div>\n<\/div>\t\t<\/div>\n\t<\/div>\n<\/div><\/div>[\/vc_column][vc_column el_class=&#8220;mywhitebg rmleftpad&#8220; offset=&#8220;vc_col-lg-6 vc_col-md-6&#8243;]<div class=\"eltd-elements-holder   eltd-two-columns  eltd-responsive-mode-768 \" ><div class=\"eltd-eh-item mylrpp  eltd-horizontal-alignment-center \" style=\"background-color: #ffffff\" data-item-class=\"eltd-eh-custom-7957\">\n\t<div class=\"eltd-eh-item-inner\">\n\t\t<div class=\"eltd-eh-item-content eltd-eh-custom-7957\" >\n\t\t\t<div class=\"eltd-section-title-holder eltd-separator-disabled  \" >\n    <div class=\"eltd-section-title-inner\">\n                            <h3 class=\"eltd-st-title \" >\n                <span class=\"eltd-st-before\">Greek Hospitality<\/span>\n                <span>Awards<\/span>\n            <\/h3>\n                            <\/div>\n<\/div>[vc_column_text]Das La Mer Resort &amp; Spa nahm zum zweiten Mal an den Greek Hospitality Awards teil und erhielt drei goldene Auszeichnungen in den Kategorien &#8222;Best Greek Honeymoon Resort&#8220;, &#8222;Best Greek Hotel Spa&#8220; und &#8222;Best Greek Hotel Breakfast&#8220; sowie zwei silberne Auszeichnungen in den Kategorien &#8222;Best Greek Adults Only Resort&#8220; und &#8222;Best Greek Green Resort&#8220;. In der Kategorie &#8222;Bestes griechisches Hotelrestaurant&#8220; erhielt das Hotel die bronzene Auszeichnung f\u00fcr sein \u00c0-la-carte-Restaurant &#8222;La Brise de Mer&#8220;.<\/p>\n<p>Im Jahr 2022 wurde das Hotel in der Kategorie &#8222;Best Greek Design Resort&#8220; mit Gold f\u00fcr sein hoch\u00e4sthetisches Design ausgezeichnet. Au\u00dferdem erhielt es vier silberne Auszeichnungen. Best Greek Honeymoon Resort, Best Greek View Resort, Best Greek Green Resort und Best Greek Hotel Spa.[\/vc_column_text]\t\t<\/div>\n\t<\/div>\n<\/div><\/div>[\/vc_column][\/vc_row][vc_row equal_height=&#8220;yes&#8220; content_placement=&#8220;middle&#8220; row_content_width=&#8220;grid&#8220; content_text_aligment=&#8220;center&#8220; simple_background_color=&#8220;#f5f5f5&#8243; el_class=&#8220;myrowpad mytextgalrow&#8220;][vc_column el_class=&#8220;pushlefthalf rmrightpad rmleftpad&#8220; offset=&#8220;vc_col-lg-6 vc_col-md-6&#8243;]<div class=\"eltd-elements-holder   eltd-two-columns  eltd-responsive-mode-768 \" ><div class=\"eltd-eh-item   eltd-horizontal-alignment-right \"  data-item-class=\"eltd-eh-custom-4863\">\n\t<div class=\"eltd-eh-item-inner\">\n\t\t<div class=\"eltd-eh-item-content eltd-eh-custom-4863\" >\n\t\t\t<div class=\"eltd-image-gallery  eltd-ig-slider-type eltd-large-space     \">\n\t<div class=\"eltd-ig-slider eltd-owl-slider\" data-number-of-items=\"1\" data-enable-loop=\"yes\" data-enable-autoplay=\"no\" data-slider-speed=\"5000\" data-slider-speed-animation=\"600\" data-slider-padding=\"no\" data-enable-navigation=\"yes\" data-enable-custom-navigation=\"no\" data-enable-pagination=\"yes\" data-slider-animate-out=\"fadeOut\">\n\t\t\t\t\t<div class=\"eltd-ig-image\">\n\t\t\t\t\t\t\t\t\t<img loading=\"lazy\" decoding=\"async\" width=\"800\" height=\"650\" src=\"https:\/\/www.lamerresort.gr\/wp-content\/uploads\/2024\/05\/tourism-awards-ALL.jpg\" class=\"attachment-full size-full\" alt=\"\" srcset=\"https:\/\/www.lamerresort.gr\/wp-content\/uploads\/2024\/05\/tourism-awards-ALL.jpg 800w, https:\/\/www.lamerresort.gr\/wp-content\/uploads\/2024\/05\/tourism-awards-ALL-300x244.jpg 300w, https:\/\/www.lamerresort.gr\/wp-content\/uploads\/2024\/05\/tourism-awards-ALL-768x624.jpg 768w\" sizes=\"(max-width: 800px) 100vw, 800px\" \/>\t\t\t\t\t\t\t<\/div>\n\t\t\t<\/div>\n<\/div>\t\t<\/div>\n\t<\/div>\n<\/div><\/div>[\/vc_column][vc_column el_class=&#8220;pushrighthalf rmrightpad mywhitebg &#8220; offset=&#8220;vc_col-lg-6 vc_col-md-6&#8243;]<div class=\"eltd-elements-holder   eltd-two-columns  eltd-responsive-mode-768 \" ><div class=\"eltd-eh-item mylrpp   \" style=\"background-color: #ffffff\" data-item-class=\"eltd-eh-custom-2360\">\n\t<div class=\"eltd-eh-item-inner\">\n\t\t<div class=\"eltd-eh-item-content eltd-eh-custom-2360\" >\n\t\t\t<div class=\"eltd-section-title-holder eltd-separator-disabled  \" >\n    <div class=\"eltd-section-title-inner\">\n                            <h3 class=\"eltd-st-title \" >\n                <span class=\"eltd-st-before\">Tourism<\/span>\n                <span>Awards<\/span>\n            <\/h3>\n                            <\/div>\n<\/div>[vc_column_text]Die Tourism Awards sind die ersten Auszeichnungen des griechischen Tourismusmarktes und heben Qualit\u00e4t und Innovation in allen einzelnen Bereichen von Reisen, Gastgewerbe und Freizeit hervor.<\/p>\n<p>Im Jahr 2024 erhielt es die Auszeichnung GOLD in der Kategorie Eco Stay Experience.<\/p>\n<p>Im Jahr 2023 erhielt es die Auszeichnung GOLD in der Kategorie Spa-Hotel\/Resort und die Auszeichnung BRONZE in der Kategorie Nachhaltige Gastfreundschaft.<\/p>\n<p>Im Jahr 2022 wurde das Resort mit der Bronze-Auszeichnung in der Kategorie Adults only hotel\/resort und der Bronze-Auszeichnung in der Kategorie Spa hotel\/resort ausgezeichnet.[\/vc_column_text]\t\t<\/div>\n\t<\/div>\n<\/div><\/div>[\/vc_column][\/vc_row][vc_row equal_height=&#8220;yes&#8220; content_placement=&#8220;middle&#8220; disable_element=&#8220;yes&#8220; row_content_width=&#8220;grid&#8220; content_text_aligment=&#8220;center&#8220; simple_background_color=&#8220;#f5f5f5&#8243; el_class=&#8220;myrowpad mytextgalrow&#8220;][vc_column el_class=&#8220;rmleftpad rmrightpad&#8220; offset=&#8220;vc_col-lg-6 vc_col-md-6&#8243;]<div class=\"eltd-elements-holder   eltd-two-columns  eltd-responsive-mode-768 \" ><div class=\"eltd-eh-item    \"  data-item-class=\"eltd-eh-custom-1618\">\n\t<div class=\"eltd-eh-item-inner\">\n\t\t<div class=\"eltd-eh-item-content eltd-eh-custom-1618\" >\n\t\t\t<div class=\"eltd-image-gallery  eltd-ig-slider-type eltd-large-space     \">\n\t<div class=\"eltd-ig-slider eltd-owl-slider\" data-number-of-items=\"1\" data-enable-loop=\"yes\" data-enable-autoplay=\"no\" data-slider-speed=\"5000\" data-slider-speed-animation=\"600\" data-slider-padding=\"no\" data-enable-navigation=\"yes\" data-enable-custom-navigation=\"no\" data-enable-pagination=\"yes\" data-slider-animate-out=\"fadeOut\">\n\t\t\t\t\t<div class=\"eltd-ig-image\">\n\t\t\t\t\t\t\t\t\t<img loading=\"lazy\" decoding=\"async\" width=\"800\" height=\"650\" src=\"https:\/\/www.lamerresort.gr\/wp-content\/uploads\/2018\/08\/drz-lamer_Q1A7939.jpg\" class=\"attachment-full size-full\" alt=\"\" srcset=\"https:\/\/www.lamerresort.gr\/wp-content\/uploads\/2018\/08\/drz-lamer_Q1A7939.jpg 800w, https:\/\/www.lamerresort.gr\/wp-content\/uploads\/2018\/08\/drz-lamer_Q1A7939-300x244.jpg 300w, https:\/\/www.lamerresort.gr\/wp-content\/uploads\/2018\/08\/drz-lamer_Q1A7939-768x624.jpg 768w\" sizes=\"(max-width: 800px) 100vw, 800px\" \/>\t\t\t\t\t\t\t<\/div>\n\t\t\t\t\t<div class=\"eltd-ig-image\">\n\t\t\t\t\t\t\t\t\t<img loading=\"lazy\" decoding=\"async\" width=\"800\" height=\"650\" src=\"https:\/\/www.lamerresort.gr\/wp-content\/uploads\/2022\/09\/2..jpg\" class=\"attachment-full size-full\" alt=\"\" srcset=\"https:\/\/www.lamerresort.gr\/wp-content\/uploads\/2022\/09\/2..jpg 800w, https:\/\/www.lamerresort.gr\/wp-content\/uploads\/2022\/09\/2.-300x244.jpg 300w, https:\/\/www.lamerresort.gr\/wp-content\/uploads\/2022\/09\/2.-768x624.jpg 768w\" sizes=\"(max-width: 800px) 100vw, 800px\" \/>\t\t\t\t\t\t\t<\/div>\n\t\t\t\t\t<div class=\"eltd-ig-image\">\n\t\t\t\t\t\t\t\t\t<img loading=\"lazy\" decoding=\"async\" width=\"800\" height=\"650\" src=\"https:\/\/www.lamerresort.gr\/wp-content\/uploads\/2023\/06\/Gym-00001.jpg\" class=\"attachment-full size-full\" alt=\"\" srcset=\"https:\/\/www.lamerresort.gr\/wp-content\/uploads\/2023\/06\/Gym-00001.jpg 800w, https:\/\/www.lamerresort.gr\/wp-content\/uploads\/2023\/06\/Gym-00001-300x244.jpg 300w, https:\/\/www.lamerresort.gr\/wp-content\/uploads\/2023\/06\/Gym-00001-768x624.jpg 768w\" sizes=\"(max-width: 800px) 100vw, 800px\" \/>\t\t\t\t\t\t\t<\/div>\n\t\t\t\t\t<div class=\"eltd-ig-image\">\n\t\t\t\t\t\t\t\t\t<img loading=\"lazy\" decoding=\"async\" width=\"800\" height=\"650\" src=\"https:\/\/www.lamerresort.gr\/wp-content\/uploads\/2023\/06\/Gym-00007.jpg\" class=\"attachment-full size-full\" alt=\"\" srcset=\"https:\/\/www.lamerresort.gr\/wp-content\/uploads\/2023\/06\/Gym-00007.jpg 800w, https:\/\/www.lamerresort.gr\/wp-content\/uploads\/2023\/06\/Gym-00007-300x244.jpg 300w, https:\/\/www.lamerresort.gr\/wp-content\/uploads\/2023\/06\/Gym-00007-768x624.jpg 768w\" sizes=\"(max-width: 800px) 100vw, 800px\" \/>\t\t\t\t\t\t\t<\/div>\n\t\t\t\t\t<div class=\"eltd-ig-image\">\n\t\t\t\t\t\t\t\t\t<img loading=\"lazy\" decoding=\"async\" width=\"800\" height=\"650\" src=\"https:\/\/www.lamerresort.gr\/wp-content\/uploads\/2023\/06\/Gym-00009.jpg\" class=\"attachment-full size-full\" alt=\"\" srcset=\"https:\/\/www.lamerresort.gr\/wp-content\/uploads\/2023\/06\/Gym-00009.jpg 800w, https:\/\/www.lamerresort.gr\/wp-content\/uploads\/2023\/06\/Gym-00009-300x244.jpg 300w, https:\/\/www.lamerresort.gr\/wp-content\/uploads\/2023\/06\/Gym-00009-768x624.jpg 768w\" sizes=\"(max-width: 800px) 100vw, 800px\" \/>\t\t\t\t\t\t\t<\/div>\n\t\t\t\t\t<div class=\"eltd-ig-image\">\n\t\t\t\t\t\t\t\t\t<img loading=\"lazy\" decoding=\"async\" width=\"800\" height=\"650\" src=\"https:\/\/www.lamerresort.gr\/wp-content\/uploads\/2023\/06\/Gym-00008.jpg\" class=\"attachment-full size-full\" alt=\"\" srcset=\"https:\/\/www.lamerresort.gr\/wp-content\/uploads\/2023\/06\/Gym-00008.jpg 800w, https:\/\/www.lamerresort.gr\/wp-content\/uploads\/2023\/06\/Gym-00008-300x244.jpg 300w, https:\/\/www.lamerresort.gr\/wp-content\/uploads\/2023\/06\/Gym-00008-768x624.jpg 768w\" sizes=\"(max-width: 800px) 100vw, 800px\" \/>\t\t\t\t\t\t\t<\/div>\n\t\t\t\t\t<div class=\"eltd-ig-image\">\n\t\t\t\t\t\t\t\t\t<img loading=\"lazy\" decoding=\"async\" width=\"800\" height=\"650\" src=\"https:\/\/www.lamerresort.gr\/wp-content\/uploads\/2023\/06\/Gym-00002.jpg\" class=\"attachment-full size-full\" alt=\"\" srcset=\"https:\/\/www.lamerresort.gr\/wp-content\/uploads\/2023\/06\/Gym-00002.jpg 800w, https:\/\/www.lamerresort.gr\/wp-content\/uploads\/2023\/06\/Gym-00002-300x244.jpg 300w, https:\/\/www.lamerresort.gr\/wp-content\/uploads\/2023\/06\/Gym-00002-768x624.jpg 768w\" sizes=\"(max-width: 800px) 100vw, 800px\" \/>\t\t\t\t\t\t\t<\/div>\n\t\t\t\t\t<div class=\"eltd-ig-image\">\n\t\t\t\t\t\t\t\t\t<img loading=\"lazy\" decoding=\"async\" width=\"800\" height=\"650\" src=\"https:\/\/www.lamerresort.gr\/wp-content\/uploads\/2023\/06\/Gym-00003.jpg\" class=\"attachment-full size-full\" alt=\"\" srcset=\"https:\/\/www.lamerresort.gr\/wp-content\/uploads\/2023\/06\/Gym-00003.jpg 800w, https:\/\/www.lamerresort.gr\/wp-content\/uploads\/2023\/06\/Gym-00003-300x244.jpg 300w, https:\/\/www.lamerresort.gr\/wp-content\/uploads\/2023\/06\/Gym-00003-768x624.jpg 768w\" sizes=\"(max-width: 800px) 100vw, 800px\" \/>\t\t\t\t\t\t\t<\/div>\n\t\t\t\t\t<div class=\"eltd-ig-image\">\n\t\t\t\t\t\t\t\t\t<img loading=\"lazy\" decoding=\"async\" width=\"800\" height=\"650\" src=\"https:\/\/www.lamerresort.gr\/wp-content\/uploads\/2023\/06\/Gym-00004.jpg\" class=\"attachment-full size-full\" alt=\"\" srcset=\"https:\/\/www.lamerresort.gr\/wp-content\/uploads\/2023\/06\/Gym-00004.jpg 800w, https:\/\/www.lamerresort.gr\/wp-content\/uploads\/2023\/06\/Gym-00004-300x244.jpg 300w, https:\/\/www.lamerresort.gr\/wp-content\/uploads\/2023\/06\/Gym-00004-768x624.jpg 768w\" sizes=\"(max-width: 800px) 100vw, 800px\" \/>\t\t\t\t\t\t\t<\/div>\n\t\t\t\t\t<div class=\"eltd-ig-image\">\n\t\t\t\t\t\t\t\t\t<img loading=\"lazy\" decoding=\"async\" width=\"800\" height=\"650\" src=\"https:\/\/www.lamerresort.gr\/wp-content\/uploads\/2023\/06\/Gym-00006.jpg\" class=\"attachment-full size-full\" alt=\"\" srcset=\"https:\/\/www.lamerresort.gr\/wp-content\/uploads\/2023\/06\/Gym-00006.jpg 800w, https:\/\/www.lamerresort.gr\/wp-content\/uploads\/2023\/06\/Gym-00006-300x244.jpg 300w, https:\/\/www.lamerresort.gr\/wp-content\/uploads\/2023\/06\/Gym-00006-768x624.jpg 768w\" sizes=\"(max-width: 800px) 100vw, 800px\" \/>\t\t\t\t\t\t\t<\/div>\n\t\t\t\t\t<div class=\"eltd-ig-image\">\n\t\t\t\t\t\t\t\t\t<img loading=\"lazy\" decoding=\"async\" width=\"800\" height=\"650\" src=\"https:\/\/www.lamerresort.gr\/wp-content\/uploads\/2023\/06\/Gym-00005.jpg\" class=\"attachment-full size-full\" alt=\"\" srcset=\"https:\/\/www.lamerresort.gr\/wp-content\/uploads\/2023\/06\/Gym-00005.jpg 800w, https:\/\/www.lamerresort.gr\/wp-content\/uploads\/2023\/06\/Gym-00005-300x244.jpg 300w, https:\/\/www.lamerresort.gr\/wp-content\/uploads\/2023\/06\/Gym-00005-768x624.jpg 768w\" sizes=\"(max-width: 800px) 100vw, 800px\" \/>\t\t\t\t\t\t\t<\/div>\n\t\t\t<\/div>\n<\/div>\t\t<\/div>\n\t<\/div>\n<\/div><\/div>[\/vc_column][vc_column el_class=&#8220;mywhitebg rmleftpad&#8220; offset=&#8220;vc_col-lg-6 vc_col-md-6&#8243;]<div class=\"eltd-elements-holder   eltd-two-columns  eltd-responsive-mode-768 \" ><div class=\"eltd-eh-item mylrpp  eltd-horizontal-alignment-center \" style=\"background-color: #ffffff\" data-item-class=\"eltd-eh-custom-1407\">\n\t<div class=\"eltd-eh-item-inner\">\n\t\t<div class=\"eltd-eh-item-content eltd-eh-custom-1407\" >\n\t\t\t<div class=\"eltd-section-title-holder eltd-separator-disabled  \" >\n    <div class=\"eltd-section-title-inner\">\n                    <h5 class=\"eltd-st-subtitle\" >\n                <span>\u0393\u03c5\u03bc\u03bd\u03b1\u03c3\u03c4\u03ae\u03c1\u03b9\u03bf Triton<\/span>\n            <\/h5>\n                            <h3 class=\"eltd-st-title \" >\n                <span class=\"eltd-st-before\">\u03a0\u03bb\u03ae\u03c1\u03c9\u03c2 \u03b5\u03be\u03bf\u03c0\u03bb\u03b9\u03c3\u03bc\u03ad\u03bd\u03bf<\/span>\n                <span>\u03ba\u03ad\u03bd\u03c4\u03c1\u03bf fitness<\/span>\n            <\/h3>\n                            <\/div>\n<\/div>[vc_column_text]Das La Mer Resort &amp; Spa wurde mit drei ISO-Managementsystem-Zertifikaten vom T\u00dcV AUSTRIA Hellas zertifiziert, der seit 1994 in Griechenland t\u00e4tig ist und eine 100-prozentige Tochtergesellschaft der \u00f6sterreichischen Organisation T\u00dcV AUSTRIA mit Pr\u00e4senz in mehr als 34 L\u00e4ndern in Europa, Asien und Afrika.<\/p>\n<p>ISO 9001 legt die allgemeinen Anforderungen f\u00fcr die Entwicklung, Umsetzung und Verbesserung des Betriebs einer Organisation fest, mit dem Ziel, die Kundenanforderungen zu erf\u00fcllen.<\/p>\n<p>ISO 14001 legt die allgemeinen Anforderungen an ein Umweltmanagementsystem in einer Organisation fest. ISO 14001 konzentriert sich auf die Erkennung der Umweltauswirkungen der Gesch\u00e4ftst\u00e4tigkeit der Organisation, um diese zu minimieren und ihre Umweltleistung zu verbessern.<\/p>\n<p>ISO 22000 legt die allgemeinen Anforderungen f\u00fcr die Entwicklung, Anwendung und Verbesserung des Lebensmittelsicherheits-Managementsystems eines Unternehmens fest.[\/vc_column_text]\t\t<\/div>\n\t<\/div>\n<\/div><\/div>[\/vc_column][\/vc_row]<\/p>\n<\/div>","protected":false},"excerpt":{"rendered":"<p>[vc_row row_content_width=&#8220;grid&#8220;][vc_column][vc_column_text]La Mer Resort &amp; Spa ist ein Pionier in Sachen Umweltschutz und Nachhaltigkeit und strebt danach, den Verbrauch [&hellip;]<\/p>\n","protected":false},"author":1,"featured_media":0,"parent":0,"menu_order":0,"comment_status":"closed","ping_status":"closed","template":"full-width.php","meta":{"_acf_changed":false,"footnotes":""},"acf":[],"_links":{"self":[{"href":"https:\/\/www.lamerresort.gr\/de\/wp-json\/wp\/v2\/pages\/8434"}],"collection":[{"href":"https:\/\/www.lamerresort.gr\/de\/wp-json\/wp\/v2\/pages"}],"about":[{"href":"https:\/\/www.lamerresort.gr\/de\/wp-json\/wp\/v2\/types\/page"}],"author":[{"embeddable":true,"href":"https:\/\/www.lamerresort.gr\/de\/wp-json\/wp\/v2\/users\/1"}],"replies":[{"embeddable":true,"href":"https:\/\/www.lamerresort.gr\/de\/wp-json\/wp\/v2\/comments?post=8434"}],"version-history":[{"count":17,"href":"https:\/\/www.lamerresort.gr\/de\/wp-json\/wp\/v2\/pages\/8434\/revisions"}],"predecessor-version":[{"id":23220,"href":"https:\/\/www.lamerresort.gr\/de\/wp-json\/wp\/v2\/pages\/8434\/revisions\/23220"}],"wp:attachment":[{"href":"https:\/\/www.lamerresort.gr\/de\/wp-json\/wp\/v2\/media?parent=8434"}],"curies":[{"name":"wp","href":"https:\/\/api.w.org\/{rel}","templated":true}]}}