{"id":6250,"date":"2018-03-20T09:20:32","date_gmt":"2018-03-20T09:20:32","guid":{"rendered":"https:\/\/www.lamerresort.gr\/experience\/conferences-meetings\/"},"modified":"2023-09-05T17:50:12","modified_gmt":"2023-09-05T14:50:12","slug":"conferences-meetings","status":"publish","type":"page","link":"https:\/\/www.lamerresort.gr\/de\/experience\/conferences-meetings\/","title":{"rendered":"Konferenzen &#038; Tagungen"},"content":{"rendered":"<div class=\"wpb-content-wrapper\"><p>[vc_row row_content_width=&#8220;grid&#8220; content_text_aligment=&#8220;center&#8220; el_class=&#8220;mycleanstartrow&#8220;][vc_column offset=&#8220;vc_col-lg-offset-2 vc_col-lg-8 vc_col-md-offset-1 vc_col-md-10&#8243;]<div class=\"eltd-section-title-holder eltd-separator-disabled  eltd-st-text-position-center\" style=\"text-align: center\">\n    <div class=\"eltd-section-title-inner\">\n                            <h2 class=\"eltd-st-title eltd-title-center\" >\n                <span class=\"eltd-st-before\">Firmen- und gesellschaftliche Veranstaltungen<\/span>\n                <span>und Hochzeiten<\/span>\n            <\/h2>\n                            <\/div>\n<\/div>[vc_column_text]<\/p>\n<p style=\"text-align: center;\">Das La Mer Resort &amp; Spa kann jede Art von Veranstaltung ausrichten, indem es die Einrichtungen, die Ausr\u00fcstung und das fachkundige Personal bei der Planung von Veranstaltungen mit dem atemberaubenden Blick auf das wundersch\u00f6ne Meer und die ber\u00fchmten Wei\u00dfen Berge kombiniert.<\/p>\n<p>[\/vc_column_text][\/vc_column][\/vc_row][vc_row equal_height=&#8220;yes&#8220; content_placement=&#8220;middle&#8220; row_content_width=&#8220;grid&#8220; content_text_aligment=&#8220;center&#8220; simple_background_color=&#8220;#f5f5f5&#8243; el_class=&#8220;myrowpad mytextgalrow&#8220;][vc_column el_class=&#8220;rmleftpad rmrightpad&#8220; offset=&#8220;vc_col-lg-6 vc_col-md-6&#8243;]<div class=\"eltd-elements-holder   eltd-two-columns  eltd-responsive-mode-768 \" ><div class=\"eltd-eh-item    \"  data-item-class=\"eltd-eh-custom-9416\">\n\t<div class=\"eltd-eh-item-inner\">\n\t\t<div class=\"eltd-eh-item-content eltd-eh-custom-9416\" >\n\t\t\t<div class=\"eltd-image-gallery  eltd-ig-slider-type eltd-large-space     \">\n\t<div class=\"eltd-ig-slider eltd-owl-slider\" data-number-of-items=\"1\" data-enable-loop=\"yes\" data-enable-autoplay=\"no\" data-slider-speed=\"5000\" data-slider-speed-animation=\"600\" data-slider-padding=\"no\" data-enable-navigation=\"yes\" data-enable-custom-navigation=\"no\" data-enable-pagination=\"yes\" data-slider-animate-out=\"fadeOut\">\n\t\t\t\t\t<div class=\"eltd-ig-image\">\n\t\t\t\t\t\t\t\t\t<img loading=\"lazy\" decoding=\"async\" width=\"800\" height=\"650\" src=\"https:\/\/www.lamerresort.gr\/wp-content\/uploads\/2018\/08\/drz-lamer_Q1A8752.jpg\" class=\"attachment-full size-full\" alt=\"\" srcset=\"https:\/\/www.lamerresort.gr\/wp-content\/uploads\/2018\/08\/drz-lamer_Q1A8752.jpg 800w, https:\/\/www.lamerresort.gr\/wp-content\/uploads\/2018\/08\/drz-lamer_Q1A8752-300x244.jpg 300w, https:\/\/www.lamerresort.gr\/wp-content\/uploads\/2018\/08\/drz-lamer_Q1A8752-768x624.jpg 768w\" sizes=\"(max-width: 800px) 100vw, 800px\" \/>\t\t\t\t\t\t\t<\/div>\n\t\t\t\t\t<div class=\"eltd-ig-image\">\n\t\t\t\t\t\t\t\t\t<img loading=\"lazy\" decoding=\"async\" width=\"800\" height=\"650\" src=\"https:\/\/www.lamerresort.gr\/wp-content\/uploads\/2022\/04\/Conferences_06.jpg\" class=\"attachment-full size-full\" alt=\"\" srcset=\"https:\/\/www.lamerresort.gr\/wp-content\/uploads\/2022\/04\/Conferences_06.jpg 800w, https:\/\/www.lamerresort.gr\/wp-content\/uploads\/2022\/04\/Conferences_06-300x244.jpg 300w, https:\/\/www.lamerresort.gr\/wp-content\/uploads\/2022\/04\/Conferences_06-768x624.jpg 768w\" sizes=\"(max-width: 800px) 100vw, 800px\" \/>\t\t\t\t\t\t\t<\/div>\n\t\t\t\t\t<div class=\"eltd-ig-image\">\n\t\t\t\t\t\t\t\t\t<img loading=\"lazy\" decoding=\"async\" width=\"800\" height=\"650\" src=\"https:\/\/www.lamerresort.gr\/wp-content\/uploads\/2022\/04\/Conferences_05.jpg\" class=\"attachment-full size-full\" alt=\"\" srcset=\"https:\/\/www.lamerresort.gr\/wp-content\/uploads\/2022\/04\/Conferences_05.jpg 800w, https:\/\/www.lamerresort.gr\/wp-content\/uploads\/2022\/04\/Conferences_05-300x244.jpg 300w, https:\/\/www.lamerresort.gr\/wp-content\/uploads\/2022\/04\/Conferences_05-768x624.jpg 768w\" sizes=\"(max-width: 800px) 100vw, 800px\" \/>\t\t\t\t\t\t\t<\/div>\n\t\t\t\t\t<div class=\"eltd-ig-image\">\n\t\t\t\t\t\t\t\t\t<img loading=\"lazy\" decoding=\"async\" width=\"800\" height=\"650\" src=\"https:\/\/www.lamerresort.gr\/wp-content\/uploads\/2022\/04\/Conferences_04.jpg\" class=\"attachment-full size-full\" alt=\"\" srcset=\"https:\/\/www.lamerresort.gr\/wp-content\/uploads\/2022\/04\/Conferences_04.jpg 800w, https:\/\/www.lamerresort.gr\/wp-content\/uploads\/2022\/04\/Conferences_04-300x244.jpg 300w, https:\/\/www.lamerresort.gr\/wp-content\/uploads\/2022\/04\/Conferences_04-768x624.jpg 768w\" sizes=\"(max-width: 800px) 100vw, 800px\" \/>\t\t\t\t\t\t\t<\/div>\n\t\t\t\t\t<div class=\"eltd-ig-image\">\n\t\t\t\t\t\t\t\t\t<img loading=\"lazy\" decoding=\"async\" width=\"800\" height=\"650\" src=\"https:\/\/www.lamerresort.gr\/wp-content\/uploads\/2022\/04\/Conferences_03.jpg\" class=\"attachment-full size-full\" alt=\"\" srcset=\"https:\/\/www.lamerresort.gr\/wp-content\/uploads\/2022\/04\/Conferences_03.jpg 800w, https:\/\/www.lamerresort.gr\/wp-content\/uploads\/2022\/04\/Conferences_03-300x244.jpg 300w, https:\/\/www.lamerresort.gr\/wp-content\/uploads\/2022\/04\/Conferences_03-768x624.jpg 768w\" sizes=\"(max-width: 800px) 100vw, 800px\" \/>\t\t\t\t\t\t\t<\/div>\n\t\t\t\t\t<div class=\"eltd-ig-image\">\n\t\t\t\t\t\t\t\t\t<img loading=\"lazy\" decoding=\"async\" width=\"800\" height=\"650\" src=\"https:\/\/www.lamerresort.gr\/wp-content\/uploads\/2022\/04\/Conferences_02.jpg\" class=\"attachment-full size-full\" alt=\"\" srcset=\"https:\/\/www.lamerresort.gr\/wp-content\/uploads\/2022\/04\/Conferences_02.jpg 800w, https:\/\/www.lamerresort.gr\/wp-content\/uploads\/2022\/04\/Conferences_02-300x244.jpg 300w, https:\/\/www.lamerresort.gr\/wp-content\/uploads\/2022\/04\/Conferences_02-768x624.jpg 768w\" sizes=\"(max-width: 800px) 100vw, 800px\" \/>\t\t\t\t\t\t\t<\/div>\n\t\t\t\t\t<div class=\"eltd-ig-image\">\n\t\t\t\t\t\t\t\t\t<img loading=\"lazy\" decoding=\"async\" width=\"800\" height=\"650\" src=\"https:\/\/www.lamerresort.gr\/wp-content\/uploads\/2022\/04\/Conferences_01.jpg\" class=\"attachment-full size-full\" alt=\"\" srcset=\"https:\/\/www.lamerresort.gr\/wp-content\/uploads\/2022\/04\/Conferences_01.jpg 800w, https:\/\/www.lamerresort.gr\/wp-content\/uploads\/2022\/04\/Conferences_01-300x244.jpg 300w, https:\/\/www.lamerresort.gr\/wp-content\/uploads\/2022\/04\/Conferences_01-768x624.jpg 768w\" sizes=\"(max-width: 800px) 100vw, 800px\" \/>\t\t\t\t\t\t\t<\/div>\n\t\t\t<\/div>\n<\/div>\t\t<\/div>\n\t<\/div>\n<\/div><\/div>[\/vc_column][vc_column el_class=&#8220;mywhitebg rmrightpad&#8220; offset=&#8220;vc_col-lg-6 vc_col-md-6&#8243;]<div class=\"eltd-elements-holder   eltd-two-columns  eltd-responsive-mode-768 \" ><div class=\"eltd-eh-item mylrpp  eltd-horizontal-alignment-center \" style=\"background-color: #ffffff\" data-item-class=\"eltd-eh-custom-3979\">\n\t<div class=\"eltd-eh-item-inner\">\n\t\t<div class=\"eltd-eh-item-content eltd-eh-custom-3979\" >\n\t\t\t<div class=\"eltd-section-title-holder eltd-separator-disabled  \" >\n    <div class=\"eltd-section-title-inner\">\n                    <h5 class=\"eltd-st-subtitle\" >\n                <span>Einrichtungen und Leistungen der Spitzenklasse<\/span>\n            <\/h5>\n                            <h3 class=\"eltd-st-title \" >\n                <span class=\"eltd-st-before\">Gesch\u00e4ftliche<\/span>\n                <span>Begegnungen<\/span>\n            <\/h3>\n                            <\/div>\n<\/div>[vc_column_text]F\u00fcnf Konferenz- und Tagungsr\u00e4ume mit nat\u00fcrlichem Licht, die je nach Raumaufteilung Kapazit\u00e4ten von 25 bis 220 Personen bieten.<\/p>\n<p>Um die digitale Pr\u00e4sentation des LA MER RESORT &amp; SPA HOTEL zu sehen, klicken Sie <strong><a href=\"https:\/\/www.lamerresort.gr\/wp-content\/uploads\/2022\/04\/LAMER_Events_Brochure_compressed.pdf\" target=\"_blank\" rel=\"noopener\">hier<\/a><\/strong>.[\/vc_column_text]\t\t<\/div>\n\t<\/div>\n<\/div><\/div>[\/vc_column][\/vc_row][vc_row content_text_aligment=&#8220;center&#8220; el_class=&#8220;myrowpad myimgblocks&#8220;][vc_column]<div class=\"eltd-section-title-holder eltd-separator-disabled  \" >\n    <div class=\"eltd-section-title-inner\">\n                            <h2 class=\"eltd-st-title \" >\n                <span class=\"eltd-st-before\">\u00dcberpr\u00fcfen<\/span>\n                <span>Sie auch<\/span>\n            <\/h2>\n                            <\/div>\n<\/div>[vc_column_text]<\/p>\n<p style=\"text-align: center;\">Entdecken Sie unsere Einrichtungen und Leistungen und gestalten Sie Ihre ideale Urlaubserfahrung<\/p>\n<p>[\/vc_column_text][vc_row_inner row_content_width=&#8220;grid&#8220; el_class=&#8220;mytoppad&#8220;][vc_column_inner el_class=&#8220;myhomebox&#8220; offset=&#8220;vc_col-lg-4 vc_col-md-4&#8243;]<div class=\"eltd-image-with-text-holder   eltd-image-behavior-custom-link\">\n    <div class=\"eltd-iwt-image\">\n        \t            <a itemprop=\"url\" href=\"https:\/\/www.lamerresort.gr\/de\/experience\/gym-fitness\/\" target=\"_self\">\n                                    <img loading=\"lazy\" decoding=\"async\" width=\"800\" height=\"550\" src=\"https:\/\/www.lamerresort.gr\/wp-content\/uploads\/2018\/08\/drz-lamer_Q1A7948Fitness.jpg\" class=\"attachment-full size-full\" alt=\"\" srcset=\"https:\/\/www.lamerresort.gr\/wp-content\/uploads\/2018\/08\/drz-lamer_Q1A7948Fitness.jpg 800w, https:\/\/www.lamerresort.gr\/wp-content\/uploads\/2018\/08\/drz-lamer_Q1A7948Fitness-300x206.jpg 300w, https:\/\/www.lamerresort.gr\/wp-content\/uploads\/2018\/08\/drz-lamer_Q1A7948Fitness-768x528.jpg 768w\" sizes=\"(max-width: 800px) 100vw, 800px\" \/>                                <\/a>\n            <\/div>\n    <div class=\"eltd-iwt-text-holder\">\n        \t\t    <\/div>\n<\/div>[vc_column_text]<\/p>\n<h4 class=\"eltd-iwt-title\"><a href=\"https:\/\/www.lamerresort.gr\/de\/experience\/gym-fitness\/\">Fitnessraum<\/a><\/h4>\n<p style=\"text-align: center;\">Behalten Sie Ihre Trainingsroutine bei und genie\u00dfen Sie dabei das unvergleichliche mediterrane Ambiente!<\/p>\n<p>[\/vc_column_text][\/vc_column_inner][vc_column_inner el_class=&#8220;myhomebox&#8220; offset=&#8220;vc_col-lg-4 vc_col-md-4&#8243;]<div class=\"eltd-image-with-text-holder   eltd-image-behavior-custom-link\">\n    <div class=\"eltd-iwt-image\">\n        \t            <a itemprop=\"url\" href=\"https:\/\/www.lamerresort.gr\/de\/experience\/wellness-spa\/\" target=\"_self\">\n                                    <img loading=\"lazy\" decoding=\"async\" width=\"800\" height=\"550\" src=\"https:\/\/www.lamerresort.gr\/wp-content\/uploads\/2019\/11\/800x550lamer_Q1A7764.jpg\" class=\"attachment-full size-full\" alt=\"\" srcset=\"https:\/\/www.lamerresort.gr\/wp-content\/uploads\/2019\/11\/800x550lamer_Q1A7764.jpg 800w, https:\/\/www.lamerresort.gr\/wp-content\/uploads\/2019\/11\/800x550lamer_Q1A7764-300x206.jpg 300w, https:\/\/www.lamerresort.gr\/wp-content\/uploads\/2019\/11\/800x550lamer_Q1A7764-768x528.jpg 768w\" sizes=\"(max-width: 800px) 100vw, 800px\" \/>                                <\/a>\n            <\/div>\n    <div class=\"eltd-iwt-text-holder\">\n        \t\t    <\/div>\n<\/div>[vc_column_text]<\/p>\n<h4 class=\"eltd-iwt-title\"><a href=\"https:\/\/www.lamerresort.gr\/de\/experience\/wellness-spa\/\">Wellness-Zentrum<\/a><\/h4>\n<p style=\"text-align: center;\">G\u00f6nnen Sie sich ein einmaliges Erlebnis, das K\u00f6rper und Geist regeneriert und lassen Sie heilende, vitalisierende Stoffe und D\u00fcfte auf sich wirken.<\/p>\n<p>[\/vc_column_text][\/vc_column_inner][vc_column_inner el_class=&#8220;myhomebox&#8220; offset=&#8220;vc_col-lg-4 vc_col-md-4&#8243;]<div class=\"eltd-image-with-text-holder   eltd-image-behavior-custom-link\">\n    <div class=\"eltd-iwt-image\">\n        \t            <a itemprop=\"url\" href=\"https:\/\/www.lamerresort.gr\/de\/experience\/sports-entertainment\/\" target=\"_self\">\n                                    <img loading=\"lazy\" decoding=\"async\" width=\"800\" height=\"550\" src=\"https:\/\/www.lamerresort.gr\/wp-content\/uploads\/2023\/09\/Outdoor-7.jpg\" class=\"attachment-full size-full\" alt=\"\" srcset=\"https:\/\/www.lamerresort.gr\/wp-content\/uploads\/2023\/09\/Outdoor-7.jpg 800w, https:\/\/www.lamerresort.gr\/wp-content\/uploads\/2023\/09\/Outdoor-7-300x206.jpg 300w, https:\/\/www.lamerresort.gr\/wp-content\/uploads\/2023\/09\/Outdoor-7-768x528.jpg 768w\" sizes=\"(max-width: 800px) 100vw, 800px\" \/>                                <\/a>\n            <\/div>\n    <div class=\"eltd-iwt-text-holder\">\n        \t\t    <\/div>\n<\/div>[vc_column_text]<\/p>\n<h4 class=\"eltd-iwt-title\"><a href=\"https:\/\/www.lamerresort.gr\/de\/experience\/sports-entertainment\/\">Sport &amp; Unterhaltung<\/a><\/h4>\n<p style=\"text-align: center;\">Alles, was Sie ben\u00f6tigen, um Ihren Urlaub mit Spa\u00df und Action zu bereichern! Eine umfassende Auswahl an Unterhaltungs- und Genussempfehlungen f\u00fcr drinnen und drau\u00dfen.<\/p>\n<p>[\/vc_column_text][\/vc_column_inner][\/vc_row_inner][vc_row_inner row_content_width=&#8220;grid&#8220; el_class=&#8220;mytoppad&#8220;][vc_column_inner el_class=&#8220;myhomebox&#8220; offset=&#8220;vc_col-lg-4 vc_col-md-4&#8243;]<div class=\"eltd-image-with-text-holder   eltd-image-behavior-custom-link\">\n    <div class=\"eltd-iwt-image\">\n        \t            <a itemprop=\"url\" href=\"https:\/\/www.lamerresort.gr\/de\/experience\/pool-beach\/\" target=\"_self\">\n                                    <img loading=\"lazy\" decoding=\"async\" width=\"800\" height=\"550\" src=\"https:\/\/www.lamerresort.gr\/wp-content\/uploads\/2018\/08\/drz-lamer_Q1A7207Pools.jpg\" class=\"attachment-full size-full\" alt=\"\" srcset=\"https:\/\/www.lamerresort.gr\/wp-content\/uploads\/2018\/08\/drz-lamer_Q1A7207Pools.jpg 800w, https:\/\/www.lamerresort.gr\/wp-content\/uploads\/2018\/08\/drz-lamer_Q1A7207Pools-300x206.jpg 300w, https:\/\/www.lamerresort.gr\/wp-content\/uploads\/2018\/08\/drz-lamer_Q1A7207Pools-768x528.jpg 768w\" sizes=\"(max-width: 800px) 100vw, 800px\" \/>                                <\/a>\n            <\/div>\n    <div class=\"eltd-iwt-text-holder\">\n        \t\t    <\/div>\n<\/div>[vc_column_text]<\/p>\n<h4 class=\"eltd-iwt-title\"><a href=\"https:\/\/www.lamerresort.gr\/de\/experience\/pool-beach\/\">Swimmingpools &amp; Strand<\/a><\/h4>\n<p style=\"text-align: center;\">Ob Sie lieber am Meer entspannen oder eine Erfrischung in einem der Innen- oder Au\u00dfenpools vorziehen \u2013 lassen Sie K\u00f6rper und Seele von den zutiefst entspannenden Eigenschaften des Wassers beleben und befreien!<\/p>\n<p>[\/vc_column_text][\/vc_column_inner][vc_column_inner el_class=&#8220;myhomebox&#8220; offset=&#8220;vc_col-lg-4 vc_col-md-4&#8243;]<div class=\"eltd-image-with-text-holder   eltd-image-behavior-custom-link\">\n    <div class=\"eltd-iwt-image\">\n        \t            <a itemprop=\"url\" href=\"https:\/\/www.lamerresort.gr\/de\/experience\/holiday-boutique\/\" target=\"_self\">\n                                    <img loading=\"lazy\" decoding=\"async\" width=\"800\" height=\"550\" src=\"https:\/\/www.lamerresort.gr\/wp-content\/uploads\/2020\/07\/800x550_Shopping-Corner.jpg\" class=\"attachment-full size-full\" alt=\"\" srcset=\"https:\/\/www.lamerresort.gr\/wp-content\/uploads\/2020\/07\/800x550_Shopping-Corner.jpg 800w, https:\/\/www.lamerresort.gr\/wp-content\/uploads\/2020\/07\/800x550_Shopping-Corner-300x206.jpg 300w, https:\/\/www.lamerresort.gr\/wp-content\/uploads\/2020\/07\/800x550_Shopping-Corner-768x528.jpg 768w\" sizes=\"(max-width: 800px) 100vw, 800px\" \/>                                <\/a>\n            <\/div>\n    <div class=\"eltd-iwt-text-holder\">\n        \t\t    <\/div>\n<\/div>[vc_column_text]<\/p>\n<h4 class=\"eltd-iwt-title\"><a href=\"https:\/\/www.lamerresort.gr\/de\/experience\/holiday-boutique\/\">Urlaubsshops<\/a><\/h4>\n<p style=\"text-align: center;\">Von allem, was Sie f\u00fcr einen perfekten Strandtag ben\u00f6tigen bis hin zu originellen Souvenirs \u2013 bei uns finden Sie alles, was Sie f\u00fcr einen sorglosen Aufenthalt brauchen.<\/p>\n<p>[\/vc_column_text][\/vc_column_inner][vc_column_inner el_class=&#8220;myhomebox&#8220; offset=&#8220;vc_col-lg-4 vc_col-md-4&#8243;]<div class=\"eltd-image-with-text-holder   eltd-image-behavior-custom-link\">\n    <div class=\"eltd-iwt-image\">\n        \t            <a itemprop=\"url\" href=\"https:\/\/www.lamerresort.gr\/de\/experience\/guest-services\/\" target=\"_self\">\n                                    <img loading=\"lazy\" decoding=\"async\" width=\"800\" height=\"550\" src=\"https:\/\/www.lamerresort.gr\/wp-content\/uploads\/2019\/11\/drz-lamer_Q1A7524.jpg\" class=\"attachment-full size-full\" alt=\"\" srcset=\"https:\/\/www.lamerresort.gr\/wp-content\/uploads\/2019\/11\/drz-lamer_Q1A7524.jpg 800w, https:\/\/www.lamerresort.gr\/wp-content\/uploads\/2019\/11\/drz-lamer_Q1A7524-300x206.jpg 300w, https:\/\/www.lamerresort.gr\/wp-content\/uploads\/2019\/11\/drz-lamer_Q1A7524-768x528.jpg 768w\" sizes=\"(max-width: 800px) 100vw, 800px\" \/>                                <\/a>\n            <\/div>\n    <div class=\"eltd-iwt-text-holder\">\n        \t\t    <\/div>\n<\/div>[vc_column_text]<\/p>\n<h4 class=\"eltd-iwt-title\"><a href=\"https:\/\/www.lamerresort.gr\/de\/experience\/guest-services\/\">Echte Gastfreundschaft genie\u00dfen<\/a><\/h4>\n<p style=\"text-align: center;\">Spezielle Leistungen und Dienste, die Ihnen absolute Ruhe und Entspannung gew\u00e4hrleisten. Genie\u00dfen Sie einen unbeschwerten Urlaub, der K\u00f6rper und Seele belebt.<\/p>\n<p>[\/vc_column_text][\/vc_column_inner][\/vc_row_inner][\/vc_column][\/vc_row]<\/p>\n<\/div>","protected":false},"excerpt":{"rendered":"<p>[vc_row row_content_width=&#8220;grid&#8220; content_text_aligment=&#8220;center&#8220; el_class=&#8220;mycleanstartrow&#8220;][vc_column offset=&#8220;vc_col-lg-offset-2 vc_col-lg-8 vc_col-md-offset-1 vc_col-md-10&#8243;][vc_column_text] Das La Mer Resort &amp; Spa kann jede Art von Veranstaltung [&hellip;]<\/p>\n","protected":false},"author":1,"featured_media":0,"parent":6245,"menu_order":0,"comment_status":"closed","ping_status":"closed","template":"full-width.php","meta":{"_acf_changed":false,"footnotes":""},"acf":[],"_links":{"self":[{"href":"https:\/\/www.lamerresort.gr\/de\/wp-json\/wp\/v2\/pages\/6250"}],"collection":[{"href":"https:\/\/www.lamerresort.gr\/de\/wp-json\/wp\/v2\/pages"}],"about":[{"href":"https:\/\/www.lamerresort.gr\/de\/wp-json\/wp\/v2\/types\/page"}],"author":[{"embeddable":true,"href":"https:\/\/www.lamerresort.gr\/de\/wp-json\/wp\/v2\/users\/1"}],"replies":[{"embeddable":true,"href":"https:\/\/www.lamerresort.gr\/de\/wp-json\/wp\/v2\/comments?post=6250"}],"version-history":[{"count":14,"href":"https:\/\/www.lamerresort.gr\/de\/wp-json\/wp\/v2\/pages\/6250\/revisions"}],"predecessor-version":[{"id":8546,"href":"https:\/\/www.lamerresort.gr\/de\/wp-json\/wp\/v2\/pages\/6250\/revisions\/8546"}],"up":[{"embeddable":true,"href":"https:\/\/www.lamerresort.gr\/de\/wp-json\/wp\/v2\/pages\/6245"}],"wp:attachment":[{"href":"https:\/\/www.lamerresort.gr\/de\/wp-json\/wp\/v2\/media?parent=6250"}],"curies":[{"name":"wp","href":"https:\/\/api.w.org\/{rel}","templated":true}]}}