{"id":6236,"date":"2018-03-20T09:21:04","date_gmt":"2018-03-20T09:21:04","guid":{"rendered":"https:\/\/www.lamerresort.gr\/contact\/"},"modified":"2023-06-12T17:59:01","modified_gmt":"2023-06-12T14:59:01","slug":"contact","status":"publish","type":"page","link":"https:\/\/www.lamerresort.gr\/de\/contact\/","title":{"rendered":"Kontakt"},"content":{"rendered":"<div class=\"wpb-content-wrapper\"><p>[vc_row row_content_width=&#8220;grid&#8220; content_text_aligment=&#8220;center&#8220; el_class=&#8220;mycontactdetailrow&#8220;][vc_column width=&#8220;1\/2&#8243; offset=&#8220;vc_col-lg-3 vc_col-md-3 vc_col-xs-6&#8243; el_class=&#8220;mycontbox&#8220;]<div class=\"eltd-elements-holder   eltd-one-column  eltd-responsive-mode-768 \" ><div class=\"eltd-eh-item   eltd-horizontal-alignment-center \"  data-item-class=\"eltd-eh-custom-3716\">\n\t<div class=\"eltd-eh-item-inner\">\n\t\t<div class=\"eltd-eh-item-content eltd-eh-custom-3716\" >\n\t\t\t    <span class=\"eltd-icon-shortcode eltd-normal   eltd-icon-medium\"  data-hover-color=\"#717171\" data-color=\"#524e47\">\n                    <a itemprop=\"url\" class=\"\" href=\"https:\/\/www.google.com\/maps?saddr=Current+Location&#038;daddr=La+Mer+Resort+%26+Spa,+Georgioupoli+730+07,+Georgioupoli+73007\" target=\"_blank\">\n                    <span aria-hidden=\"true\" class=\"eltd-icon-linear-icons lnr lnr-map-marker eltd-icon-element\" style=\"color: #524e47;font-size:36px\" ><\/span>                    <\/a>\n            <\/span>\n[vc_empty_space height=&#8220;2px&#8220;][vc_column_text]<\/p>\n<p style=\"font-weight: 400; letter-spacing: .1em;\">LAGE<\/p>\n<p>[\/vc_column_text][vc_column_text]<a href=\"https:\/\/www.google.com\/maps?saddr=Current+Location&amp;daddr=La+Mer+Resort+%26+Spa,+Georgioupoli+730+07,+Georgioupoli+73007\" target=\"_blank\" rel=\"noopener\">Dramia, Georgioupoli, Chania, 73007, Crete<\/a>[\/vc_column_text]\t\t<\/div>\n\t<\/div>\n<\/div><\/div>[\/vc_column][vc_column width=&#8220;1\/2&#8243; offset=&#8220;vc_col-lg-3 vc_col-md-3 vc_col-xs-6&#8243; el_class=&#8220;mycontbox&#8220;]<div class=\"eltd-elements-holder   eltd-one-column  eltd-responsive-mode-768 \" ><div class=\"eltd-eh-item   eltd-horizontal-alignment-center \"  data-item-class=\"eltd-eh-custom-7172\">\n\t<div class=\"eltd-eh-item-inner\">\n\t\t<div class=\"eltd-eh-item-content eltd-eh-custom-7172\" >\n\t\t\t    <span class=\"eltd-icon-shortcode eltd-normal   eltd-icon-medium\"  data-hover-color=\"#717171\" data-color=\"#524e47\">\n                    <a itemprop=\"url\" class=\"\" href=\"tel:+302825440000\" target=\"_self\">\n                    <span aria-hidden=\"true\" class=\"eltd-icon-linear-icons lnr lnr-phone-handset eltd-icon-element\" style=\"color: #524e47;font-size:36px\" ><\/span>                    <\/a>\n            <\/span>\n[vc_empty_space height=&#8220;2px&#8220;][vc_column_text]<\/p>\n<p style=\"font-weight: 400; letter-spacing: .1em;\">TELEFON<\/p>\n<p>[\/vc_column_text][vc_column_text]<a href=\"tel:+302825440000\">+30 28254 40000<\/a>[\/vc_column_text]\t\t<\/div>\n\t<\/div>\n<\/div><\/div>[\/vc_column][vc_column width=&#8220;1\/2&#8243; offset=&#8220;vc_col-lg-3 vc_col-md-3 vc_col-xs-6&#8243; el_class=&#8220;mycontbox&#8220;]<div class=\"eltd-elements-holder   eltd-one-column  eltd-responsive-mode-768 \" ><div class=\"eltd-eh-item   eltd-horizontal-alignment-center \"  data-item-class=\"eltd-eh-custom-3742\">\n\t<div class=\"eltd-eh-item-inner\">\n\t\t<div class=\"eltd-eh-item-content eltd-eh-custom-3742\" >\n\t\t\t    <span class=\"eltd-icon-shortcode eltd-normal   eltd-icon-medium\"  data-hover-color=\"#717171\" data-color=\"#524e47\">\n                    <span aria-hidden=\"true\" class=\"eltd-icon-linear-icons lnr lnr-printer eltd-icon-element\" style=\"color: #524e47;font-size:36px\" ><\/span>            <\/span>\n[vc_empty_space height=&#8220;2px&#8220;][vc_column_text]<\/p>\n<p style=\"font-weight: 400; letter-spacing: .1em;\">FAX<\/p>\n<p>[\/vc_column_text][vc_column_text]+30 28254 40010[\/vc_column_text]\t\t<\/div>\n\t<\/div>\n<\/div><\/div>[\/vc_column][vc_column width=&#8220;1\/2&#8243; offset=&#8220;vc_col-lg-3 vc_col-md-3 vc_col-xs-6&#8243; el_class=&#8220;mycontbox&#8220;]<div class=\"eltd-elements-holder   eltd-one-column  eltd-responsive-mode-768 \" ><div class=\"eltd-eh-item   eltd-horizontal-alignment-center \"  data-item-class=\"eltd-eh-custom-4052\">\n\t<div class=\"eltd-eh-item-inner\">\n\t\t<div class=\"eltd-eh-item-content eltd-eh-custom-4052\" >\n\t\t\t    <span class=\"eltd-icon-shortcode eltd-normal   eltd-icon-medium\"  data-hover-color=\"#717171\" data-color=\"#524e47\">\n                    <a itemprop=\"url\" class=\"\" href=\"mailto:info@lamerresort.gr\" target=\"_self\">\n                    <span aria-hidden=\"true\" class=\"eltd-icon-linear-icons lnr lnr-envelope eltd-icon-element\" style=\"color: #524e47;font-size:36px\" ><\/span>                    <\/a>\n            <\/span>\n[vc_empty_space height=&#8220;2px&#8220;][vc_column_text]<\/p>\n<p style=\"font-weight: 400; letter-spacing: .1em;\">EMAIL<\/p>\n<p>[\/vc_column_text][vc_column_text]<a href=\"mailto:info@lamerresort.gr\">info@lamerresort.gr<\/a><br \/>\n<a href=\"mailto:sales@lamerresort.gr\">sales@lamerresort.gr<\/a>[\/vc_column_text]\t\t<\/div>\n\t<\/div>\n<\/div><\/div>[\/vc_column][\/vc_row][vc_row equal_height=&#8220;yes&#8220; content_placement=&#8220;middle&#8220; row_content_width=&#8220;grid&#8220; css=&#8220;.vc_custom_1524750069338{padding-bottom: 30px !important;}&#8220; el_class=&#8220;mycfrow&#8220;][vc_column width=&#8220;1\/2&#8243; el_class=&#8220;mycontleftcol&#8220;][vc_column_text]            <div id=\"map-canvas\" style=\"width:100%;height:650px;\"><\/div>\n            <script>\n        function initializeMap() {\n            var center = [\"35.352184\",\"24.312356\"];\n            var pins = [[\"35.352184\",\"24.312356\"]];\n            var addresses = [\"La+Mer+Resort+%26+Spa,+Georgioupoli+730+07,+Georgioupoli+73007\"];\n            var popupContent = [\"La Mer Resort &amp; Spa\"];\n            var mapUrl = 'https:\/\/maps.google.com?saddr=Current+Location&amp;daddr=';\n            \/\/var mapLatLong = new google.maps.LatLng(, );\n            var mapCanvas;\n\n            \/\/ Detect if there is a featherlight popup and use that for the map canvas. Without this, the map is\n            \/\/ shown in the original place and not inside the popup\n            var featherlightContent = jQuery('.featherlight-content #map-canvas');\n            if (featherlightContent.length > 0) {\n                mapCanvas = featherlightContent[0];\n            } else {\n                mapCanvas = document.getElementById('map-canvas');\n            }\n\n            var mapOptions = {\n                center: new google.maps.LatLng(center[0], center[1]),\n                zoom: 10,\n                streetViewControl: false,\n                scrollwheel: false,\n                mapTypeId: google.maps.MapTypeId.ROADMAP,\n                mapTypeControlOptions: {\n                    mapTypeIds: [ google.maps.MapTypeId.ROADMAP ]\n                }\n            };\n\n            var mapStylesGray = [{\"featureType\":\"water\",\"elementType\":\"geometry\",\"stylers\":[{\"color\":\"#e9e9e9\"},{\"lightness\":17}]},{\"featureType\":\"landscape\",\"elementType\":\"geometry\",\"stylers\":[{\"color\":\"#f5f5f5\"},{\"lightness\":20}]},{\"featureType\":\"road.highway\",\"elementType\":\"geometry.fill\",\"stylers\":[{\"color\":\"#ffffff\"},{\"lightness\":17}]},{\"featureType\":\"road.highway\",\"elementType\":\"geometry.stroke\",\"stylers\":[{\"color\":\"#ffffff\"},{\"lightness\":29},{\"weight\":0.2}]},{\"featureType\":\"road.arterial\",\"elementType\":\"geometry\",\"stylers\":[{\"color\":\"#ffffff\"},{\"lightness\":18}]},{\"featureType\":\"road.local\",\"elementType\":\"geometry\",\"stylers\":[{\"color\":\"#ffffff\"},{\"lightness\":16}]},{\"featureType\":\"poi\",\"elementType\":\"geometry\",\"stylers\":[{\"color\":\"#f5f5f5\"},{\"lightness\":21}]},{\"featureType\":\"poi.park\",\"elementType\":\"geometry\",\"stylers\":[{\"color\":\"#dedede\"},{\"lightness\":21}]},{\"elementType\":\"labels.text.stroke\",\"stylers\":[{\"visibility\":\"on\"},{\"color\":\"#ffffff\"},{\"lightness\":16}]},{\"elementType\":\"labels.text.fill\",\"stylers\":[{\"saturation\":36},{\"color\":\"#333333\"},{\"lightness\":40}]},{\"elementType\":\"labels.icon\",\"stylers\":[{\"visibility\":\"off\"}]},{\"featureType\":\"transit\",\"elementType\":\"geometry\",\"stylers\":[{\"color\":\"#f2f2f2\"},{\"lightness\":19}]},{\"featureType\":\"administrative\",\"elementType\":\"geometry.fill\",\"stylers\":[{\"color\":\"#fefefe\"},{\"lightness\":20}]},{\"featureType\":\"administrative\",\"elementType\":\"geometry.stroke\",\"stylers\":[{\"color\":\"#fefefe\"},{\"lightness\":17},{\"weight\":1.2}]}];\n            var mapStylesBlueWater = [{\"featureType\":\"administrative\",\"elementType\":\"labels.text.fill\",\"stylers\":[{\"color\":\"#444444\"}]},{\"featureType\":\"landscape\",\"elementType\":\"all\",\"stylers\":[{\"color\":\"#f2f2f2\"}]},{\"featureType\":\"poi\",\"elementType\":\"all\",\"stylers\":[{\"visibility\":\"off\"}]},{\"featureType\":\"road\",\"elementType\":\"all\",\"stylers\":[{\"saturation\":-100},{\"lightness\":45}]},{\"featureType\":\"road.highway\",\"elementType\":\"all\",\"stylers\":[{\"visibility\":\"simplified\"}]},{\"featureType\":\"road.arterial\",\"elementType\":\"labels.icon\",\"stylers\":[{\"visibility\":\"off\"}]},{\"featureType\":\"transit\",\"elementType\":\"all\",\"stylers\":[{\"visibility\":\"off\"}]},{\"featureType\":\"water\",\"elementType\":\"all\",\"stylers\":[{\"color\":\"#46bcec\"},{\"visibility\":\"on\"}]}];\n            var mapStylesBlueGray = [{\"featureType\":\"water\",\"stylers\":[{\"visibility\":\"on\"},{\"color\":\"#b5cbe4\"}]},{\"featureType\":\"landscape\",\"stylers\":[{\"color\":\"#efefef\"}]},{\"featureType\":\"road.highway\",\"elementType\":\"geometry\",\"stylers\":[{\"color\":\"#83a5b0\"}]},{\"featureType\":\"road.arterial\",\"elementType\":\"geometry\",\"stylers\":[{\"color\":\"#bdcdd3\"}]},{\"featureType\":\"road.local\",\"elementType\":\"geometry\",\"stylers\":[{\"color\":\"#ffffff\"}]},{\"featureType\":\"poi.park\",\"elementType\":\"geometry\",\"stylers\":[{\"color\":\"#e3eed3\"}]},{\"featureType\":\"administrative\",\"stylers\":[{\"visibility\":\"on\"},{\"lightness\":33}]},{\"featureType\":\"road\"},{\"featureType\":\"poi.park\",\"elementType\":\"labels\",\"stylers\":[{\"visibility\":\"on\"},{\"lightness\":20}]},{},{\"featureType\":\"road\",\"stylers\":[{\"lightness\":20}]}];\n            var mapStylesJustPlaces = [{\"featureType\":\"road\",\"elementType\":\"geometry\",\"stylers\":[{\"visibility\":\"off\"}]},{\"featureType\":\"poi\",\"elementType\":\"geometry\",\"stylers\":[{\"visibility\":\"off\"}]},{\"featureType\":\"landscape\",\"elementType\":\"geometry\",\"stylers\":[{\"color\":\"#fffffa\"}]},{\"featureType\":\"water\",\"stylers\":[{\"lightness\":50}]},{\"featureType\":\"road\",\"elementType\":\"labels\",\"stylers\":[{\"visibility\":\"off\"}]},{\"featureType\":\"transit\",\"stylers\":[{\"visibility\":\"off\"}]},{\"featureType\":\"administrative\",\"elementType\":\"geometry\",\"stylers\":[{\"lightness\":40}]}];\n            var mapStylesHotel = [{\n                \"featureType\": \"road\",\n                \"elementType\": \"geometry\",\n                \"stylers\": [{\"color\": \"#cfd4d8\"}]\n            }, {\n                \"featureType\": \"poi\",\n                \"stylers\": [{\"visibility\": \"off\"}]\n            }, {\n                \"featureType\": \"landscape\",\n                \"elementType\": \"geometry\",\n                \"stylers\": [{\"color\": \"#e8e8e9\"}]\n            }, {\n                \"featureType\": \"water\", \"stylers\": [{\"color\": \"#cfd4d8\"}]\n            }, {\n                \"featureType\": \"road\",\n                \"elementType\": \"labels\",\n                \"stylers\": [{\"visibility\": \"on\"}]\n            }, {\"featureType\": \"transit\", \"stylers\": [{\"visibility\": \"on\"}]}, {\n                \"featureType\": \"administrative\",\n                \"elementType\": \"geometry\",\n                \"stylers\": [{\"lightness\": 40}]\n            }];\n\n            var icon = {\n                url: 'https:\/\/www.lamerresort.gr\/wp-content\/themes\/lamerresort-child\/images\/map-pin.png',\n                size: new google.maps.Size(30, 37),\n                origin: new google.maps.Point(0, 0),\n                anchor: new google.maps.Point(15, 18)\n            };\n\n            var map = new google.maps.Map(mapCanvas, mapOptions);\n            map.setOptions({styles: mapStylesHotel});\n            var infoWindows = {};\n            var directionsUrl = '';\n            for (var i = 0; i < pins.length; i++) {\n                directionsUrl = mapUrl+addresses[i];\n                marker = new google.maps.Marker({\n                    position: new google.maps.LatLng(pins[i][0], pins[i][1]),\n                    map: map,\n                    icon: icon,\n                    title: popupContent[i]\n                });\n                var contentString = '<span class=\"mappinbox\"><strong>' + popupContent[i] + '<\/strong><br\/><a class=\"mapdirections\" href=\"' + directionsUrl + '\" target=\"_blank\">Driving Directions<\/a><\/span>';\n                infoWindows[i] = new google.maps.InfoWindow();\n                infoWindows[i].setContent(contentString);\n\n                google.maps.event.addListener(marker, 'click', (function (marker, i) {\n                    return function () {\n                        for (var j = 0; j < pins.length; j++) {\n                            infoWindows[j].close();\n                        }\n                        infoWindows[i].open(map, marker);\n                    }\n                })(marker, i));\n            }\n        }\n\n                jQuery(document).ready(function(){\n            google.maps.event.addDomListener(window, 'load', initializeMap);\n        });\n        \n        function addGoogleMapsAPI() {\n            var script = document.createElement(\"script\");\n            script.type = \"text\/javascript\";\n            script.src = \"\/\/maps.google.com\/maps\/api\/js?key=AIzaSyAMysWjfTXeBjy1vqdP4LvYncNAPx8uZmE&callback=initializeMap\";\n            document.body.appendChild(script);\n        }\n\n        addGoogleMapsAPI();\n    <\/script>\n    [\/vc_column_text][\/vc_column][vc_column width=&#8220;1\/2&#8243; el_class=&#8220;mycontrightcol mycfcol&#8220;]<div class=\"eltd-section-title-holder eltd-separator-disabled  eltd-st-text-position-left\" style=\"text-align: left\">\n    <div class=\"eltd-section-title-inner\">\n                            <h2 class=\"eltd-st-title eltd-title-left\" >\n                <span class=\"eltd-st-before\">Kontakt<\/span>\n                <span>Formular<\/span>\n            <\/h2>\n                            <\/div>\n<\/div>[vc_column_text el_class=&#8220;mybotpad&#8220;]Gerne stehen wir Ihnen f\u00fcr Anfragen und Ausk\u00fcnfte zur Verf\u00fcgung.[\/vc_column_text]\n<div class=\"wpcf7 no-js\" id=\"wpcf7-f6550-o1\" lang=\"en-US\" dir=\"ltr\">\n<div class=\"screen-reader-response\"><p role=\"status\" aria-live=\"polite\" aria-atomic=\"true\"><\/p> <ul><\/ul><\/div>\n<form action=\"\/de\/wp-json\/wp\/v2\/pages\/6236#wpcf7-f6550-o1\" method=\"post\" class=\"wpcf7-form init cf7_custom_style_1\" aria-label=\"Contact form\" novalidate=\"novalidate\" data-status=\"init\">\n<div style=\"display: none;\">\n<input type=\"hidden\" name=\"_wpcf7\" value=\"6550\" \/>\n<input type=\"hidden\" name=\"_wpcf7_version\" value=\"5.9.6\" \/>\n<input type=\"hidden\" name=\"_wpcf7_locale\" value=\"en_US\" \/>\n<input type=\"hidden\" name=\"_wpcf7_unit_tag\" value=\"wpcf7-f6550-o1\" \/>\n<input type=\"hidden\" name=\"_wpcf7_container_post\" value=\"0\" \/>\n<input type=\"hidden\" name=\"_wpcf7_posted_data_hash\" value=\"\" \/>\n<\/div>\n<p><span class=\"wpcf7-form-control-wrap\" data-name=\"your-name\"><input size=\"40\" maxlength=\"80\" class=\"wpcf7-form-control wpcf7-text\" aria-invalid=\"false\" placeholder=\"Name\" value=\"\" type=\"text\" name=\"your-name\" \/><\/span>\n<\/p>\n<p><span class=\"wpcf7-form-control-wrap\" data-name=\"your-email\"><input size=\"40\" maxlength=\"80\" class=\"wpcf7-form-control wpcf7-email wpcf7-text wpcf7-validates-as-email\" aria-invalid=\"false\" placeholder=\"Email\" value=\"\" type=\"email\" name=\"your-email\" \/><\/span>\n<\/p>\n<p><span class=\"wpcf7-form-control-wrap\" data-name=\"your-message\"><textarea cols=\"40\" rows=\"10\" maxlength=\"400\" class=\"wpcf7-form-control wpcf7-textarea\" aria-invalid=\"false\" placeholder=\"Botschaft\" name=\"your-message\"><\/textarea><\/span>\n<\/p>\n<p class=\"text-center\"><input class=\"wpcf7-form-control wpcf7-submit has-spinner\" type=\"submit\" value=\"EINREICHEN\" \/>\n<\/p><div class=\"wpcf7-response-output\" aria-hidden=\"true\"><\/div>\n<\/form>\n<\/div>\n[\/vc_column][\/vc_row]<\/p>\n<\/div>","protected":false},"excerpt":{"rendered":"<p>[vc_row row_content_width=&#8220;grid&#8220; content_text_aligment=&#8220;center&#8220; el_class=&#8220;mycontactdetailrow&#8220;][vc_column width=&#8220;1\/2&#8243; offset=&#8220;vc_col-lg-3 vc_col-md-3 vc_col-xs-6&#8243; el_class=&#8220;mycontbox&#8220;][\/vc_column][vc_column width=&#8220;1\/2&#8243; offset=&#8220;vc_col-lg-3 vc_col-md-3 vc_col-xs-6&#8243; el_class=&#8220;mycontbox&#8220;][\/vc_column][vc_column width=&#8220;1\/2&#8243; offset=&#8220;vc_col-lg-3 vc_col-md-3 vc_col-xs-6&#8243; el_class=&#8220;mycontbox&#8220;][\/vc_column][vc_column [&hellip;]<\/p>\n","protected":false},"author":1,"featured_media":0,"parent":0,"menu_order":0,"comment_status":"closed","ping_status":"closed","template":"full-width.php","meta":{"_acf_changed":false,"footnotes":""},"acf":[],"_links":{"self":[{"href":"https:\/\/www.lamerresort.gr\/de\/wp-json\/wp\/v2\/pages\/6236"}],"collection":[{"href":"https:\/\/www.lamerresort.gr\/de\/wp-json\/wp\/v2\/pages"}],"about":[{"href":"https:\/\/www.lamerresort.gr\/de\/wp-json\/wp\/v2\/types\/page"}],"author":[{"embeddable":true,"href":"https:\/\/www.lamerresort.gr\/de\/wp-json\/wp\/v2\/users\/1"}],"replies":[{"embeddable":true,"href":"https:\/\/www.lamerresort.gr\/de\/wp-json\/wp\/v2\/comments?post=6236"}],"version-history":[{"count":4,"href":"https:\/\/www.lamerresort.gr\/de\/wp-json\/wp\/v2\/pages\/6236\/revisions"}],"predecessor-version":[{"id":6949,"href":"https:\/\/www.lamerresort.gr\/de\/wp-json\/wp\/v2\/pages\/6236\/revisions\/6949"}],"wp:attachment":[{"href":"https:\/\/www.lamerresort.gr\/de\/wp-json\/wp\/v2\/media?parent=6236"}],"curies":[{"name":"wp","href":"https:\/\/api.w.org\/{rel}","templated":true}]}}